{"id":566,"date":"2017-11-08T21:30:30","date_gmt":"2017-11-08T21:30:30","guid":{"rendered":"http:\/\/3dconsult.ee\/accounting\/"},"modified":"2017-12-12T18:58:32","modified_gmt":"2017-12-12T18:58:32","slug":"kirjanpito","status":"publish","type":"page","link":"https:\/\/3dconsult.ee\/fi\/kirjanpito\/","title":{"rendered":"Kirjanpito"},"content":{"rendered":"\n<style type=\"text\/css\" data-created_by=\"avia_inline_auto\" id=\"style-css-av-av_one_full-15d750bd1b332b34c6e70b077ebbccdf\">\n.flex_column.av-av_one_full-15d750bd1b332b34c6e70b077ebbccdf{\nborder-radius:0px 0px 0px 0px;\npadding:0px 0px 0px 0px;\n}\n<\/style>\n<div  class='flex_column av-av_one_full-15d750bd1b332b34c6e70b077ebbccdf av_one_full  avia-builder-el-0  el_before_av_one_full  avia-builder-el-first  first flex_column_div av-zero-column-padding  '     ><p>\n<style type=\"text\/css\" data-created_by=\"avia_inline_auto\" id=\"style-css-av-av_heading-c32c7b31de33cdbd2e18872b138e4af7\">\n#top .av-special-heading.av-av_heading-c32c7b31de33cdbd2e18872b138e4af7{\npadding-bottom:10px;\n}\nbody .av-special-heading.av-av_heading-c32c7b31de33cdbd2e18872b138e4af7 .av-special-heading-tag .heading-char{\nfont-size:25px;\n}\n.av-special-heading.av-av_heading-c32c7b31de33cdbd2e18872b138e4af7 .av-subheading{\nfont-size:15px;\n}\n<\/style>\n<div  class='av-special-heading av-av_heading-c32c7b31de33cdbd2e18872b138e4af7 av-special-heading-h1  avia-builder-el-1  el_before_av_textblock  avia-builder-el-first '><h1 class='av-special-heading-tag'  itemprop=\"headline\"  >Kirjanpito<\/h1><div class=\"special-heading-border\"><div class=\"special-heading-inner-border\"><\/div><\/div><\/div><br \/>\n<section  class='av_textblock_section av-av_textblock-2de302bf1aa3cf4c9157dbe6f50ac7eb '   itemscope=\"itemscope\" itemtype=\"https:\/\/schema.org\/CreativeWork\" ><div class='avia_textblock'  itemprop=\"text\" ><p>J\u00e4rjest\u00e4mme palvelun puitteissa p\u00e4ivitt\u00e4in kaiken kirjanpitoon liittyv\u00e4n Virossa tai Suomessa toimivalle yritykselle. Yrityksen tarpeista riippuen meill\u00e4 on p\u00e4tevyys my\u00f6s rahoitusjohtamisen tai p\u00e4\u00e4kirjanpit\u00e4j\u00e4n palvelujen tarjoamiseen. Asiakkaamme k\u00e4ytt\u00e4v\u00e4t n\u00e4it\u00e4 palveluita erityisesti yrityksen kasvuvaiheen aikana, kun itsell\u00e4 ei ole viel\u00e4 mahdollisuuksia kokop\u00e4iv\u00e4isesti ty\u00f6skentelevien asiantuntijoiden palkkaamiseen.<\/p>\n<p>K\u00e4yt\u00e4mme ty\u00f6ss\u00e4mme kirjanpito-ohjelmaa Merit, jonka pilviversiossa asiakas itse pystyy laatimaan myyntilaskuja.<\/p>\n<\/div><\/section><\/p><\/div>\n<style type=\"text\/css\" data-created_by=\"avia_inline_auto\" id=\"style-css-av-av_one_full-15d750bd1b332b34c6e70b077ebbccdf\">\n.flex_column.av-av_one_full-15d750bd1b332b34c6e70b077ebbccdf{\nborder-radius:0px 0px 0px 0px;\npadding:0px 0px 0px 0px;\n}\n<\/style>\n<div  class='flex_column av-av_one_full-15d750bd1b332b34c6e70b077ebbccdf av_one_full  avia-builder-el-3  el_after_av_one_full  el_before_av_one_full  first flex_column_div av-zero-column-padding  column-top-margin'     ><p>\n<style type=\"text\/css\" data-created_by=\"avia_inline_auto\" id=\"style-css-av-av_heading-25163bf93a4049b3be26c45cb4f982f4\">\n#top .av-special-heading.av-av_heading-25163bf93a4049b3be26c45cb4f982f4{\npadding-bottom:10px;\n}\nbody .av-special-heading.av-av_heading-25163bf93a4049b3be26c45cb4f982f4 .av-special-heading-tag .heading-char{\nfont-size:25px;\n}\n.av-special-heading.av-av_heading-25163bf93a4049b3be26c45cb4f982f4 .av-subheading{\nfont-size:15px;\n}\n<\/style>\n<div  class='av-special-heading av-av_heading-25163bf93a4049b3be26c45cb4f982f4 av-special-heading-h3  avia-builder-el-4  el_before_av_textblock  avia-builder-el-first '><h3 class='av-special-heading-tag'  itemprop=\"headline\"  >Kirjanpito-ohjelman peruspakettiin sis\u00e4ltyy<\/h3><div class=\"special-heading-border\"><div class=\"special-heading-inner-border\"><\/div><\/div><\/div><br \/>\n<section  class='av_textblock_section av-av_textblock-2de302bf1aa3cf4c9157dbe6f50ac7eb '   itemscope=\"itemscope\" itemtype=\"https:\/\/schema.org\/CreativeWork\" ><div class='avia_textblock'  itemprop=\"text\" ><ul class=\"icon-bullets\">\n<li>Kirjanpitom\u00e4\u00e4r\u00e4ysten ja tilikartan ty\u00f6st\u00e4minen<\/li>\n<li>L\u00e4ht\u00f6tositteiden muodon vastaavuustarkastus kirjanpitolains\u00e4\u00e4d\u00e4nt\u00f6\u00f6n<\/li>\n<li>Asiakirjojen s\u00e4ilytt\u00e4minen systemaattisesti sopimuksen p\u00e4\u00e4ttymiseen saakka<\/li>\n<li>L\u00e4ht\u00f6tositteiden kuvaaminen erilaisissa rekistereiss\u00e4 kirjanpitolaissa s\u00e4\u00e4detyll\u00e4 tavalla<\/li>\n<li>Arvonlis\u00e4veron, tuloveron ja sosiaalimaksujen laskenta<\/li>\n<li>Palkkalaskenta<\/li>\n<li>Tietojen antaminen asiakkaan liiketoiminnan luvuista asiakkaan toiveiden mukaan<\/li>\n<li>Selvitysten laatiminen ja esitt\u00e4minen verovirastolle Viron lains\u00e4\u00e4d\u00e4nn\u00f6ss\u00e4 s\u00e4\u00e4detyn tavan ja m\u00e4\u00e4r\u00e4aikojen mukaisesti<\/li>\n<li>Selvitysten laatiminen ja esitt\u00e4minen kaupparekisterille ja tilastokeskukselle Viron lains\u00e4\u00e4d\u00e4nn\u00f6ss\u00e4 s\u00e4\u00e4detyn tavan ja m\u00e4\u00e4r\u00e4aikojen mukaisesti<\/li>\n<li>Tilinp\u00e4\u00e4t\u00f6ksen laatiminen<\/li>\n<li>Asiakkaan edustaminen verovirastossa tarjottuihin kirjanpitopalveluihin liittyen<\/li>\n<li>Kirjanpitoon liittyv\u00e4n konsultaation antaminen asiakkaan liiketoimintaan liittyen<\/li>\n<\/ul>\n<\/div><\/section><\/p><\/div>\n<style type=\"text\/css\" data-created_by=\"avia_inline_auto\" id=\"style-css-av-av_one_full-15d750bd1b332b34c6e70b077ebbccdf\">\n.flex_column.av-av_one_full-15d750bd1b332b34c6e70b077ebbccdf{\nborder-radius:0px 0px 0px 0px;\npadding:0px 0px 0px 0px;\n}\n<\/style>\n<div  class='flex_column av-av_one_full-15d750bd1b332b34c6e70b077ebbccdf av_one_full  avia-builder-el-6  el_after_av_one_full  el_before_av_one_full  first flex_column_div av-zero-column-padding  column-top-margin'     ><p>\n<style type=\"text\/css\" data-created_by=\"avia_inline_auto\" id=\"style-css-av-av_heading-3b12e59f667a419eac3d74318b0743bd\">\n#top .av-special-heading.av-av_heading-3b12e59f667a419eac3d74318b0743bd{\npadding-bottom:10px;\n}\nbody .av-special-heading.av-av_heading-3b12e59f667a419eac3d74318b0743bd .av-special-heading-tag .heading-char{\nfont-size:25px;\n}\n.av-special-heading.av-av_heading-3b12e59f667a419eac3d74318b0743bd .av-subheading{\nfont-size:15px;\n}\n<\/style>\n<div  class='av-special-heading av-av_heading-3b12e59f667a419eac3d74318b0743bd av-special-heading-h3  avia-builder-el-7  el_before_av_textblock  avia-builder-el-first '><h3 class='av-special-heading-tag'  itemprop=\"headline\"  >Muut kirjanpitopalvelut (kertaluontoiset)<\/h3><div class=\"special-heading-border\"><div class=\"special-heading-inner-border\"><\/div><\/div><\/div><br \/>\n<section  class='av_textblock_section av-av_textblock-2de302bf1aa3cf4c9157dbe6f50ac7eb '   itemscope=\"itemscope\" itemtype=\"https:\/\/schema.org\/CreativeWork\" ><div class='avia_textblock'  itemprop=\"text\" ><ul class=\"icon-bullets\">\n<li>Aikaisempien kausien kirjanpidon j\u00e4rjest\u00e4minen<\/li>\n<li>Kirjanpidon palauttaminen<\/li>\n<li>Tilinp\u00e4\u00e4t\u00f6sten laatiminen<\/li>\n<li>Asiakkaan edustaminen verovirastossa<\/li>\n<\/ul>\n<p>Palveluiden hinnat sopimuksen mukaan ty\u00f6n m\u00e4\u00e4r\u00e4n perusteella.<\/p>\n<\/div><\/section><\/p><\/div>\n<style type=\"text\/css\" data-created_by=\"avia_inline_auto\" id=\"style-css-av-av_one_full-15d750bd1b332b34c6e70b077ebbccdf\">\n.flex_column.av-av_one_full-15d750bd1b332b34c6e70b077ebbccdf{\nborder-radius:0px 0px 0px 0px;\npadding:0px 0px 0px 0px;\n}\n<\/style>\n<div  class='flex_column av-av_one_full-15d750bd1b332b34c6e70b077ebbccdf av_one_full  avia-builder-el-9  el_after_av_one_full  el_before_av_one_fourth  first flex_column_div av-zero-column-padding  column-top-margin'     ><style type=\"text\/css\" data-created_by=\"avia_inline_auto\" id=\"style-css-av-av_heading-5efce6557cf35be722e6ebffd7638ad7\">\n#top .av-special-heading.av-av_heading-5efce6557cf35be722e6ebffd7638ad7{\npadding-bottom:10px;\n}\nbody .av-special-heading.av-av_heading-5efce6557cf35be722e6ebffd7638ad7 .av-special-heading-tag .heading-char{\nfont-size:25px;\n}\n.av-special-heading.av-av_heading-5efce6557cf35be722e6ebffd7638ad7 .av-subheading{\nfont-size:15px;\n}\n<\/style>\n<div  class='av-special-heading av-av_heading-5efce6557cf35be722e6ebffd7638ad7 av-special-heading-h3  avia-builder-el-10  avia-builder-el-no-sibling '><h3 class='av-special-heading-tag'  itemprop=\"headline\"  >Mink\u00e4laisiin arvoihin kirjanpitopalvelun tarjoaminen perustuu?<\/h3><div class=\"special-heading-border\"><div class=\"special-heading-inner-border\"><\/div><\/div><\/div><\/div>\n<style type=\"text\/css\" data-created_by=\"avia_inline_auto\" id=\"style-css-av-av_one_third-15d750bd1b332b34c6e70b077ebbccdf\">\n.flex_column.av-av_one_third-15d750bd1b332b34c6e70b077ebbccdf{\nborder-radius:0px 0px 0px 0px;\npadding:0px 0px 0px 0px;\n}\n<\/style>\n<div  class='flex_column av-av_one_third-15d750bd1b332b34c6e70b077ebbccdf av_one_third first flex_column_div av-zero-column-padding  '     ><article  class='iconbox iconbox_top av-av_icon_box-712e1a7fda8ae1dff5a2aae10daf4cfd main_color'  itemscope=\"itemscope\" itemtype=\"https:\/\/schema.org\/CreativeWork\" ><div class=\"iconbox_content\"><header class=\"entry-content-header\"><div class=\"iconbox_icon heading-color\" aria-hidden='true' data-av_icon='' data-av_iconfont='entypo-fontello'><\/div><h3 class='iconbox_content_title '  itemprop=\"headline\" >Olemme aina saatavilla<\/h3><\/header><div class='iconbox_content_container '  itemprop=\"text\" ><p>Poiketen palkallisesta kirjanpit\u00e4j\u00e4st\u00e4 ja siit\u00e4, ett\u00e4 h\u00e4n ei jostain syyst\u00e4 kykene tekem\u00e4\u00e4n ty\u00f6t\u00e4, me takaamme kirjanpitopalvelun jatkuvan saatavuuden.<\/p>\n<\/div><\/div><footer class=\"entry-footer\"><\/footer><\/article><\/div>\n<style type=\"text\/css\" data-created_by=\"avia_inline_auto\" id=\"style-css-av-av_one_third-c8fc129dc35fd1ae2a1e410224d39ea8\">\n.flex_column.av-av_one_third-c8fc129dc35fd1ae2a1e410224d39ea8{\nborder-radius:0px 0px 0px 0px;\npadding:0px 0px 0px 0px;\n}\n<\/style>\n<div  class='flex_column av-av_one_third-c8fc129dc35fd1ae2a1e410224d39ea8 av_one_third flex_column_div av-zero-column-padding  '     ><article  class='iconbox iconbox_top av-av_icon_box-ef672b24db3f51510ce670547dd90bdd main_color'  itemscope=\"itemscope\" itemtype=\"https:\/\/schema.org\/CreativeWork\" ><div class=\"iconbox_content\"><header class=\"entry-content-header\"><div class=\"iconbox_icon heading-color\" aria-hidden='true' data-av_icon='\ue8c5' data-av_iconfont='entypo-fontello'><\/div><h3 class='iconbox_content_title '  itemprop=\"headline\" >Joustavuus m\u00e4\u00e4riss\u00e4<\/h3><\/header><div class='iconbox_content_container '  itemprop=\"text\" ><p>Yrityksen\u00e4 pystymme reagoimaan vaivattomasti ja nopeasti kirjanpidon m\u00e4\u00e4rien kasvamiseen ja v\u00e4henemiseen.<\/p>\n<\/div><\/div><footer class=\"entry-footer\"><\/footer><\/article><\/div>\n<style type=\"text\/css\" data-created_by=\"avia_inline_auto\" id=\"style-css-av-av_one_third-c8fc129dc35fd1ae2a1e410224d39ea8\">\n.flex_column.av-av_one_third-c8fc129dc35fd1ae2a1e410224d39ea8{\nborder-radius:0px 0px 0px 0px;\npadding:0px 0px 0px 0px;\n}\n<\/style>\n<div  class='flex_column av-av_one_third-c8fc129dc35fd1ae2a1e410224d39ea8 av_one_third flex_column_div av-zero-column-padding  '     ><article  class='iconbox iconbox_top av-av_icon_box-80adf9b32a57366fcfa0f220b19de039 main_color'  itemscope=\"itemscope\" itemtype=\"https:\/\/schema.org\/CreativeWork\" ><div class=\"iconbox_content\"><header class=\"entry-content-header\"><div class=\"iconbox_icon heading-color\" aria-hidden='true' data-av_icon='\ue80b' data-av_iconfont='entypo-fontello'><\/div><h3 class='iconbox_content_title '  itemprop=\"headline\" >Teemme yhteisty\u00f6t\u00e4<\/h3><\/header><div class='iconbox_content_container '  itemprop=\"text\" ><p>Asiakkaan tarpeista riippuen olemme valmiita tarjoamaan kirjanpitopalvelua osittain esimerkiksi avuksi asiakkaan talon sis\u00e4iselle kirjanpit\u00e4j\u00e4lle vaikkapa vain muutamissa ty\u00f6teht\u00e4viss\u00e4.<\/p>\n<\/div><\/div><footer class=\"entry-footer\"><\/footer><\/article><\/div>\n<style type=\"text\/css\" data-created_by=\"avia_inline_auto\" id=\"style-css-av-av_one_full-15d750bd1b332b34c6e70b077ebbccdf\">\n.flex_column.av-av_one_full-15d750bd1b332b34c6e70b077ebbccdf{\nborder-radius:0px 0px 0px 0px;\npadding:0px 0px 0px 0px;\n}\n<\/style>\n<div  class='flex_column av-av_one_full-15d750bd1b332b34c6e70b077ebbccdf av_one_full first flex_column_div av-zero-column-padding  '     ><article  class='iconbox iconbox_top av-av_icon_box-de1794fc0c3845ad564795c2b9ff2971 main_color'  itemscope=\"itemscope\" itemtype=\"https:\/\/schema.org\/CreativeWork\" ><div class=\"iconbox_content\"><header class=\"entry-content-header\"><div class=\"iconbox_icon heading-color\" aria-hidden='true' data-av_icon='\ue855' data-av_iconfont='entypo-fontello'><\/div><h3 class='iconbox_content_title '  itemprop=\"headline\" >Ajattelemme yhdess\u00e4 kanssanne<\/h3><\/header><div class='iconbox_content_container '  itemprop=\"text\" ><p>Tavoitteemme ei ole pelk\u00e4st\u00e4\u00e4n tietojen sy\u00f6tt\u00e4minen ja veroilmoitusten tekeminen, vaan l\u00e4hestymme jokaista asiakasta yksil\u00f6kohtaisesti. Ajattelemme yhdess\u00e4 ja tarjoamme oman ratkaisumme siihen, miten liiketoimet dokumentoidaan. Tietojen parempaa analysointia varten voimme tehd\u00e4 tiedoista paljon erilaisia yhteenvetoja. Erilaisilla ohjelmaratkaisuilla voidaan antaa tietoja yrityksen taloudellisesta tilanteesta asiakkaan haluamalla tavalla.<\/p>\n<\/div><\/div><footer class=\"entry-footer\"><\/footer><\/article><\/div>\n<style type=\"text\/css\" data-created_by=\"avia_inline_auto\" id=\"style-css-av-av_one_half-15d750bd1b332b34c6e70b077ebbccdf\">\n.flex_column.av-av_one_half-15d750bd1b332b34c6e70b077ebbccdf{\nborder-radius:0px 0px 0px 0px;\npadding:0px 0px 0px 0px;\n}\n<\/style>\n<div  class='flex_column av-av_one_half-15d750bd1b332b34c6e70b077ebbccdf av_one_half first flex_column_div av-zero-column-padding  '     ><p>\n<style type=\"text\/css\" data-created_by=\"avia_inline_auto\" id=\"style-css-av-av_heading-6455f822ddfe89b84e4f90a88bec7952\">\n#top .av-special-heading.av-av_heading-6455f822ddfe89b84e4f90a88bec7952{\npadding-bottom:10px;\n}\nbody .av-special-heading.av-av_heading-6455f822ddfe89b84e4f90a88bec7952 .av-special-heading-tag .heading-char{\nfont-size:25px;\n}\n.av-special-heading.av-av_heading-6455f822ddfe89b84e4f90a88bec7952 .av-subheading{\nfont-size:15px;\n}\n<\/style>\n<div  class='av-special-heading av-av_heading-6455f822ddfe89b84e4f90a88bec7952 av-special-heading-h3'><h3 class='av-special-heading-tag'  itemprop=\"headline\"  >Miksi ostaa Suomessa toimivan yrityksen kirjanpitopalvelu virolaiselta tarjoajalta?<\/h3><div class=\"special-heading-border\"><div class=\"special-heading-inner-border\"><\/div><\/div><\/div><br \/>\n<section  class='av_textblock_section av-av_textblock-2de302bf1aa3cf4c9157dbe6f50ac7eb '   itemscope=\"itemscope\" itemtype=\"https:\/\/schema.org\/CreativeWork\" ><div class='avia_textblock'  itemprop=\"text\" ><p>Se, ett\u00e4 kuulumme Euroopan unioniin, ei tarkoita sit\u00e4, ett\u00e4 kirjanpitolaki ja selvitykset olisivat automaattisesti joka maassa samanlaisia.<\/p>\n<p>Pohjoismaiden, my\u00f6s Suomen kirjanpitolains\u00e4\u00e4d\u00e4nt\u00f6, poikkeaa huomattavasti Viron lains\u00e4\u00e4d\u00e4nn\u00f6st\u00e4 jo aivan palkkalaskennasta ja raportointitavoista l\u00e4htien. K\u00e4ytt\u00e4m\u00e4ll\u00e4 Virossa toimivan kirjanpitoyrityksen palveluita voitat todenn\u00e4k\u00f6isesti my\u00f6s palvelun hinnassa ja saat samalla kysymyksiisi vironkieliset ja selv\u00e4sti ymm\u00e4rrett\u00e4v\u00e4t vastaukset.<\/p>\n<\/div><\/section><br \/>\n\n<style type=\"text\/css\" data-created_by=\"avia_inline_auto\" id=\"style-css-av-av_heading-a6d527715da01671d70f2f8d00340d20\">\n#top .av-special-heading.av-av_heading-a6d527715da01671d70f2f8d00340d20{\npadding-bottom:10px;\n}\nbody .av-special-heading.av-av_heading-a6d527715da01671d70f2f8d00340d20 .av-special-heading-tag .heading-char{\nfont-size:25px;\n}\n.av-special-heading.av-av_heading-a6d527715da01671d70f2f8d00340d20 .av-subheading{\nfont-size:15px;\n}\n<\/style>\n<div  class='av-special-heading av-av_heading-a6d527715da01671d70f2f8d00340d20 av-special-heading-h3'><h3 class='av-special-heading-tag'  itemprop=\"headline\"  >Miten aloitetaan?<\/h3><div class=\"special-heading-border\"><div class=\"special-heading-inner-border\"><\/div><\/div><\/div><br \/>\n<section  class='av_textblock_section av-av_textblock-2de302bf1aa3cf4c9157dbe6f50ac7eb '   itemscope=\"itemscope\" itemtype=\"https:\/\/schema.org\/CreativeWork\" ><div class='avia_textblock'  itemprop=\"text\" ><ul class=\"icon-bullets\">\n<li>Pyyd\u00e4 tarjous puhelimitse tai verkkosivujemme yhteydenottolomakkeen kautta.<\/li>\n<li>Solmimme kaikkien asiakkaidemme kanssa sopimuksen kirjanpitopalveluista.<\/li>\n<li>Yrityksen teht\u00e4v\u00e4n\u00e4 on tositteiden ker\u00e4\u00e4minen, muusta huolehdimme me.<\/li>\n<\/ul>\n<\/div><\/section><\/p><\/div>\n<style type=\"text\/css\" data-created_by=\"avia_inline_auto\" id=\"style-css-av-av_one_half-c8fc129dc35fd1ae2a1e410224d39ea8\">\n.flex_column.av-av_one_half-c8fc129dc35fd1ae2a1e410224d39ea8{\nborder-radius:0px 0px 0px 0px;\npadding:0px 0px 0px 0px;\n}\n<\/style>\n<div  class='flex_column av-av_one_half-c8fc129dc35fd1ae2a1e410224d39ea8 av_one_half flex_column_div av-zero-column-padding  '     ><p>\n<style type=\"text\/css\" data-created_by=\"avia_inline_auto\" id=\"style-css-av-av_heading-26e24008e6f4e0b2459b678a9dd2416a\">\n#top .av-special-heading.av-av_heading-26e24008e6f4e0b2459b678a9dd2416a{\npadding-bottom:10px;\n}\nbody .av-special-heading.av-av_heading-26e24008e6f4e0b2459b678a9dd2416a .av-special-heading-tag .heading-char{\nfont-size:25px;\n}\n.av-special-heading.av-av_heading-26e24008e6f4e0b2459b678a9dd2416a .av-subheading{\nfont-size:15px;\n}\n<\/style>\n<div  class='av-special-heading av-av_heading-26e24008e6f4e0b2459b678a9dd2416a av-special-heading-h3'><h3 class='av-special-heading-tag'  itemprop=\"headline\"  >Yhteydenottolomake<\/h3><div class=\"special-heading-border\"><div class=\"special-heading-inner-border\"><\/div><\/div><\/div><br \/>\n<form action=\"https:\/\/3dconsult.ee\/fi\/kirjanpito\/\" method=\"post\" data-fields-with-error=\"Found errors in the following field(s):\" class=\"avia_ajax_form av-form-labels-visible    \" data-avia-form-id=\"1\" data-avia-redirect='' ><fieldset><p class='  first_form  form_element form_element_third' id='element_avia_1_1'><label for=\"avia_1_1\">Nimi <abbr class=\"required\" title=\"required\">*<\/abbr><\/label> <input name=\"avia_1_1\" class=\"text_input is_empty\" type=\"text\" id=\"avia_1_1\" value=\"\" \/><\/p><p class='  form_element form_element_third' id='element_avia_2_1'><label for=\"avia_2_1\">S\u00e4hk\u00f6posti <abbr class=\"required\" title=\"required\">*<\/abbr><\/label> <input name=\"avia_2_1\" class=\"text_input is_email\" type=\"text\" id=\"avia_2_1\" value=\"\" \/><\/p><p class='  form_element form_element_third' id='element_avia_3_1'><label for=\"avia_3_1\">Puhelin <abbr class=\"required\" title=\"required\">*<\/abbr><\/label> <input name=\"avia_3_1\" class=\"text_input is_empty\" type=\"text\" id=\"avia_3_1\" value=\"\" \/><\/p><p class='  first_form  form_element form_fullwidth av-last-visible-form-element' id='element_avia_4_1'><label for=\"avia_4_1\" class=\"textare_label hidden textare_label_avia_4_1\">Kysymys <abbr class=\"required\" title=\"required\">*<\/abbr><\/label><textarea  name=\"avia_4_1\" class=\"text_area is_empty\" cols=\"40\" rows=\"7\" id=\"avia_4_1\" ><\/textarea><\/p><p class=\"hidden\"><input type=\"text\" name=\"avia_5_1\" class=\"hidden \" id=\"avia_5_1\" value=\"\" \/><\/p><p class=\"form_element \"><input type=\"hidden\" value=\"1\" name=\"avia_generated_form1\" \/><input type=\"submit\" value=\"L\u00e4hett\u00e4\u00e4\" class=\"button\"  data-sending-label=\"Sending\"\/><\/p><\/fieldset><\/form><div id=\"ajaxresponse_1\" class=\"ajaxresponse ajaxresponse_1 hidden\"><\/div><\/p><\/div><\/p>\n","protected":false},"excerpt":{"rendered":"","protected":false},"author":1,"featured_media":0,"parent":0,"menu_order":0,"comment_status":"closed","ping_status":"closed","template":"","meta":{"footnotes":""},"class_list":["post-566","page","type-page","status-publish","hentry"],"yoast_head":"<!-- This site is optimized with the Yoast SEO plugin v23.7 - https:\/\/yoast.com\/wordpress\/plugins\/seo\/ -->\n<title>Kirjanpito - 3D Consult O\u00dc<\/title>\n<meta name=\"robots\" content=\"index, follow, max-snippet:-1, max-image-preview:large, max-video-preview:-1\" \/>\n<link rel=\"canonical\" href=\"https:\/\/3dconsult.ee\/fi\/kirjanpito\/\" \/>\n<meta property=\"og:locale\" content=\"fi_FI\" \/>\n<meta property=\"og:type\" content=\"article\" \/>\n<meta property=\"og:title\" content=\"Kirjanpito - 3D Consult O\u00dc\" \/>\n<meta property=\"og:url\" content=\"https:\/\/3dconsult.ee\/fi\/kirjanpito\/\" \/>\n<meta property=\"og:site_name\" content=\"3D Consult O\u00dc\" \/>\n<meta property=\"article:modified_time\" content=\"2017-12-12T18:58:32+00:00\" \/>\n<meta name=\"twitter:card\" content=\"summary_large_image\" \/>\n<meta name=\"twitter:label1\" content=\"Arvioitu lukuaika\" \/>\n\t<meta name=\"twitter:data1\" content=\"9 minuuttia\" \/>\n<script type=\"application\/ld+json\" class=\"yoast-schema-graph\">{\"@context\":\"https:\/\/schema.org\",\"@graph\":[{\"@type\":\"WebPage\",\"@id\":\"https:\/\/3dconsult.ee\/fi\/kirjanpito\/\",\"url\":\"https:\/\/3dconsult.ee\/fi\/kirjanpito\/\",\"name\":\"Kirjanpito - 3D Consult O\u00dc\",\"isPartOf\":{\"@id\":\"https:\/\/3dconsult.ee\/#website\"},\"datePublished\":\"2017-11-08T21:30:30+00:00\",\"dateModified\":\"2017-12-12T18:58:32+00:00\",\"breadcrumb\":{\"@id\":\"https:\/\/3dconsult.ee\/fi\/kirjanpito\/#breadcrumb\"},\"inLanguage\":\"fi\",\"potentialAction\":[{\"@type\":\"ReadAction\",\"target\":[\"https:\/\/3dconsult.ee\/fi\/kirjanpito\/\"]}]},{\"@type\":\"BreadcrumbList\",\"@id\":\"https:\/\/3dconsult.ee\/fi\/kirjanpito\/#breadcrumb\",\"itemListElement\":[{\"@type\":\"ListItem\",\"position\":1,\"name\":\"Home\",\"item\":\"https:\/\/3dconsult.ee\/fi\/etusivu\/\"},{\"@type\":\"ListItem\",\"position\":2,\"name\":\"Kirjanpito\"}]},{\"@type\":\"WebSite\",\"@id\":\"https:\/\/3dconsult.ee\/#website\",\"url\":\"https:\/\/3dconsult.ee\/\",\"name\":\"3D Consult O\u00dc\",\"description\":\"\",\"publisher\":{\"@id\":\"https:\/\/3dconsult.ee\/#organization\"},\"potentialAction\":[{\"@type\":\"SearchAction\",\"target\":{\"@type\":\"EntryPoint\",\"urlTemplate\":\"https:\/\/3dconsult.ee\/?s={search_term_string}\"},\"query-input\":{\"@type\":\"PropertyValueSpecification\",\"valueRequired\":true,\"valueName\":\"search_term_string\"}}],\"inLanguage\":\"fi\"},{\"@type\":\"Organization\",\"@id\":\"https:\/\/3dconsult.ee\/#organization\",\"name\":\"3D Consult O\u00dc\",\"url\":\"https:\/\/3dconsult.ee\/\",\"logo\":{\"@type\":\"ImageObject\",\"inLanguage\":\"fi\",\"@id\":\"https:\/\/3dconsult.ee\/#\/schema\/logo\/image\/\",\"url\":\"https:\/\/3dconsult.ee\/wp-content\/uploads\/2017\/11\/3d-consult.png\",\"contentUrl\":\"https:\/\/3dconsult.ee\/wp-content\/uploads\/2017\/11\/3d-consult.png\",\"width\":187,\"height\":260,\"caption\":\"3D Consult O\u00dc\"},\"image\":{\"@id\":\"https:\/\/3dconsult.ee\/#\/schema\/logo\/image\/\"}}]}<\/script>\n<!-- \/ Yoast SEO plugin. -->","yoast_head_json":{"title":"Kirjanpito - 3D Consult O\u00dc","robots":{"index":"index","follow":"follow","max-snippet":"max-snippet:-1","max-image-preview":"max-image-preview:large","max-video-preview":"max-video-preview:-1"},"canonical":"https:\/\/3dconsult.ee\/fi\/kirjanpito\/","og_locale":"fi_FI","og_type":"article","og_title":"Kirjanpito - 3D Consult O\u00dc","og_url":"https:\/\/3dconsult.ee\/fi\/kirjanpito\/","og_site_name":"3D Consult O\u00dc","article_modified_time":"2017-12-12T18:58:32+00:00","twitter_card":"summary_large_image","twitter_misc":{"Arvioitu lukuaika":"9 minuuttia"},"schema":{"@context":"https:\/\/schema.org","@graph":[{"@type":"WebPage","@id":"https:\/\/3dconsult.ee\/fi\/kirjanpito\/","url":"https:\/\/3dconsult.ee\/fi\/kirjanpito\/","name":"Kirjanpito - 3D Consult O\u00dc","isPartOf":{"@id":"https:\/\/3dconsult.ee\/#website"},"datePublished":"2017-11-08T21:30:30+00:00","dateModified":"2017-12-12T18:58:32+00:00","breadcrumb":{"@id":"https:\/\/3dconsult.ee\/fi\/kirjanpito\/#breadcrumb"},"inLanguage":"fi","potentialAction":[{"@type":"ReadAction","target":["https:\/\/3dconsult.ee\/fi\/kirjanpito\/"]}]},{"@type":"BreadcrumbList","@id":"https:\/\/3dconsult.ee\/fi\/kirjanpito\/#breadcrumb","itemListElement":[{"@type":"ListItem","position":1,"name":"Home","item":"https:\/\/3dconsult.ee\/fi\/etusivu\/"},{"@type":"ListItem","position":2,"name":"Kirjanpito"}]},{"@type":"WebSite","@id":"https:\/\/3dconsult.ee\/#website","url":"https:\/\/3dconsult.ee\/","name":"3D Consult O\u00dc","description":"","publisher":{"@id":"https:\/\/3dconsult.ee\/#organization"},"potentialAction":[{"@type":"SearchAction","target":{"@type":"EntryPoint","urlTemplate":"https:\/\/3dconsult.ee\/?s={search_term_string}"},"query-input":{"@type":"PropertyValueSpecification","valueRequired":true,"valueName":"search_term_string"}}],"inLanguage":"fi"},{"@type":"Organization","@id":"https:\/\/3dconsult.ee\/#organization","name":"3D Consult O\u00dc","url":"https:\/\/3dconsult.ee\/","logo":{"@type":"ImageObject","inLanguage":"fi","@id":"https:\/\/3dconsult.ee\/#\/schema\/logo\/image\/","url":"https:\/\/3dconsult.ee\/wp-content\/uploads\/2017\/11\/3d-consult.png","contentUrl":"https:\/\/3dconsult.ee\/wp-content\/uploads\/2017\/11\/3d-consult.png","width":187,"height":260,"caption":"3D Consult O\u00dc"},"image":{"@id":"https:\/\/3dconsult.ee\/#\/schema\/logo\/image\/"}}]}},"_links":{"self":[{"href":"https:\/\/3dconsult.ee\/fi\/wp-json\/wp\/v2\/pages\/566"}],"collection":[{"href":"https:\/\/3dconsult.ee\/fi\/wp-json\/wp\/v2\/pages"}],"about":[{"href":"https:\/\/3dconsult.ee\/fi\/wp-json\/wp\/v2\/types\/page"}],"author":[{"embeddable":true,"href":"https:\/\/3dconsult.ee\/fi\/wp-json\/wp\/v2\/users\/1"}],"replies":[{"embeddable":true,"href":"https:\/\/3dconsult.ee\/fi\/wp-json\/wp\/v2\/comments?post=566"}],"version-history":[{"count":2,"href":"https:\/\/3dconsult.ee\/fi\/wp-json\/wp\/v2\/pages\/566\/revisions"}],"predecessor-version":[{"id":568,"href":"https:\/\/3dconsult.ee\/fi\/wp-json\/wp\/v2\/pages\/566\/revisions\/568"}],"wp:attachment":[{"href":"https:\/\/3dconsult.ee\/fi\/wp-json\/wp\/v2\/media?parent=566"}],"curies":[{"name":"wp","href":"https:\/\/api.w.org\/{rel}","templated":true}]}}