{"id":570,"date":"2017-11-08T21:30:39","date_gmt":"2017-11-08T21:30:39","guid":{"rendered":"http:\/\/3dconsult.ee\/annual-reports\/"},"modified":"2018-02-08T10:56:59","modified_gmt":"2018-02-08T10:56:59","slug":"tilinpaatokset","status":"publish","type":"page","link":"https:\/\/3dconsult.ee\/fi\/tilinpaatokset\/","title":{"rendered":"Tilinp\u00e4\u00e4t\u00f6kset"},"content":{"rendered":"<div id='korgus'  class='avia-section av-av_section-3f97df9af11726264467929576495b51 main_color avia-section-default avia-no-shadow  avia-builder-el-0  avia-builder-el-no-sibling  avia-bg-style-scroll container_wrap fullsize'  ><div class='container av-section-cont-open' ><main  role=\"main\" itemprop=\"mainContentOfPage\"  class='template-page content  av-content-full alpha units'><div class='post-entry post-entry-type-page post-entry-570'><div class='entry-content-wrapper clearfix'>\n\n<style type=\"text\/css\" data-created_by=\"avia_inline_auto\" id=\"style-css-av-av_one_full-15d750bd1b332b34c6e70b077ebbccdf\">\n.flex_column.av-av_one_full-15d750bd1b332b34c6e70b077ebbccdf{\nborder-radius:0px 0px 0px 0px;\npadding:0px 0px 0px 0px;\n}\n<\/style>\n<div  class='flex_column av-av_one_full-15d750bd1b332b34c6e70b077ebbccdf av_one_full  avia-builder-el-1  el_before_av_one_half  avia-builder-el-first  first flex_column_div av-zero-column-padding  '     ><p>\n<style type=\"text\/css\" data-created_by=\"avia_inline_auto\" id=\"style-css-av-av_heading-f67d752c1a00660925c1035f2675f022\">\n#top .av-special-heading.av-av_heading-f67d752c1a00660925c1035f2675f022{\npadding-bottom:10px;\n}\nbody .av-special-heading.av-av_heading-f67d752c1a00660925c1035f2675f022 .av-special-heading-tag .heading-char{\nfont-size:25px;\n}\n.av-special-heading.av-av_heading-f67d752c1a00660925c1035f2675f022 .av-subheading{\nfont-size:15px;\n}\n<\/style>\n<div  class='av-special-heading av-av_heading-f67d752c1a00660925c1035f2675f022 av-special-heading-h1  avia-builder-el-2  el_before_av_textblock  avia-builder-el-first '><h1 class='av-special-heading-tag'  itemprop=\"headline\"  >Tilinp\u00e4\u00e4t\u00f6kset<\/h1><div class=\"special-heading-border\"><div class=\"special-heading-inner-border\"><\/div><\/div><\/div><br \/>\n<section  class='av_textblock_section av-av_textblock-2de302bf1aa3cf4c9157dbe6f50ac7eb '   itemscope=\"itemscope\" itemtype=\"https:\/\/schema.org\/CreativeWork\" ><div class='avia_textblock'  itemprop=\"text\" ><p>Viron lains\u00e4\u00e4d\u00e4nn\u00f6n mukaisesti on tilinp\u00e4\u00e4t\u00f6s esitett\u00e4v\u00e4 vuosittain riippumatta siit\u00e4, onko yrityksell\u00e4 todellisuudessa liiketoimintaa vai ei. T\u00e4t\u00e4 m\u00e4\u00e4r\u00e4yst\u00e4 rikkovat usein ulkomaiden kansalaiset, jotka ovat tottuneet toimimaan kotimaansa lains\u00e4\u00e4d\u00e4nn\u00f6n mukaisesti.<\/p>\n<\/div><\/section><\/p><\/div>\n<style type=\"text\/css\" data-created_by=\"avia_inline_auto\" id=\"style-css-av-av_one_half-15d750bd1b332b34c6e70b077ebbccdf\">\n.flex_column.av-av_one_half-15d750bd1b332b34c6e70b077ebbccdf{\nborder-radius:0px 0px 0px 0px;\npadding:0px 0px 0px 0px;\n}\n<\/style>\n<div  class='flex_column av-av_one_half-15d750bd1b332b34c6e70b077ebbccdf av_one_half  avia-builder-el-4  el_after_av_one_full  el_before_av_one_half  first flex_column_div av-zero-column-padding  column-top-margin'     ><p>\n<style type=\"text\/css\" data-created_by=\"avia_inline_auto\" id=\"style-css-av-av_heading-0ca5b6144c081af027f4b03588599f95\">\n#top .av-special-heading.av-av_heading-0ca5b6144c081af027f4b03588599f95{\npadding-bottom:10px;\n}\nbody .av-special-heading.av-av_heading-0ca5b6144c081af027f4b03588599f95 .av-special-heading-tag .heading-char{\nfont-size:25px;\n}\n.av-special-heading.av-av_heading-0ca5b6144c081af027f4b03588599f95 .av-subheading{\nfont-size:15px;\n}\n<\/style>\n<div  class='av-special-heading av-av_heading-0ca5b6144c081af027f4b03588599f95 av-special-heading-h3  avia-builder-el-5  el_before_av_textblock  avia-builder-el-first '><h3 class='av-special-heading-tag'  itemprop=\"headline\"  >T\u00e4rke\u00e4\u00e4:<\/h3><div class=\"special-heading-border\"><div class=\"special-heading-inner-border\"><\/div><\/div><\/div><br \/>\n<section  class='av_textblock_section av-av_textblock-2de302bf1aa3cf4c9157dbe6f50ac7eb '   itemscope=\"itemscope\" itemtype=\"https:\/\/schema.org\/CreativeWork\" ><div class='avia_textblock'  itemprop=\"text\" ><ul class=\"icon-bullets\">\n<li>Tilinp\u00e4\u00e4t\u00f6s on esitett\u00e4v\u00e4 kuuden kuukauden kuluessa tilikauden p\u00e4\u00e4ttymisest\u00e4.<\/li>\n<li>Laadimme tilinp\u00e4\u00e4t\u00f6ksi\u00e4 my\u00f6s asiakkaille, jotka eiv\u00e4t osta kirjanpitopalvelujamme p\u00e4ivitt\u00e4in.<\/li>\n<li>Tilinp\u00e4\u00e4t\u00f6ksen laatimishinta riippuu kunkin yrityksen aiheuttamasta ty\u00f6m\u00e4\u00e4r\u00e4st\u00e4.<\/li>\n<\/ul>\n<\/div><\/section><\/p><\/div>\n<style type=\"text\/css\" data-created_by=\"avia_inline_auto\" id=\"style-css-av-av_one_half-c8fc129dc35fd1ae2a1e410224d39ea8\">\n.flex_column.av-av_one_half-c8fc129dc35fd1ae2a1e410224d39ea8{\nborder-radius:0px 0px 0px 0px;\npadding:0px 0px 0px 0px;\n}\n<\/style>\n<div  class='flex_column av-av_one_half-c8fc129dc35fd1ae2a1e410224d39ea8 av_one_half  avia-builder-el-7  el_after_av_one_half  avia-builder-el-last  flex_column_div av-zero-column-padding  column-top-margin'     ><p>\n<style type=\"text\/css\" data-created_by=\"avia_inline_auto\" id=\"style-css-av-av_heading-fa57be4089fd5d9010d5d24c6de3f95e\">\n#top .av-special-heading.av-av_heading-fa57be4089fd5d9010d5d24c6de3f95e{\npadding-bottom:10px;\n}\nbody .av-special-heading.av-av_heading-fa57be4089fd5d9010d5d24c6de3f95e .av-special-heading-tag .heading-char{\nfont-size:25px;\n}\n.av-special-heading.av-av_heading-fa57be4089fd5d9010d5d24c6de3f95e .av-subheading{\nfont-size:15px;\n}\n<\/style>\n<div  class='av-special-heading av-av_heading-fa57be4089fd5d9010d5d24c6de3f95e av-special-heading-h3  avia-builder-el-8  el_before_av_contact  avia-builder-el-first '><h3 class='av-special-heading-tag'  itemprop=\"headline\"  >Yhteydenottolomake<\/h3><div class=\"special-heading-border\"><div class=\"special-heading-inner-border\"><\/div><\/div><\/div><br \/>\n<form action=\"https:\/\/3dconsult.ee\/fi\/tilinpaatokset\/\" method=\"post\" data-fields-with-error=\"Found errors in the following field(s):\" class=\"avia_ajax_form av-form-labels-visible   avia-builder-el-9  el_after_av_heading  avia-builder-el-last   \" data-avia-form-id=\"1\" data-avia-redirect='' ><fieldset><p class='  first_form  form_element form_element_third' id='element_avia_1_1'><label for=\"avia_1_1\">Nimi <abbr class=\"required\" title=\"required\">*<\/abbr><\/label> <input name=\"avia_1_1\" class=\"text_input is_empty\" type=\"text\" id=\"avia_1_1\" value=\"\" \/><\/p><p class='  form_element form_element_third' id='element_avia_2_1'><label for=\"avia_2_1\">S\u00e4hk\u00f6posti <abbr class=\"required\" title=\"required\">*<\/abbr><\/label> <input name=\"avia_2_1\" class=\"text_input is_email\" type=\"text\" id=\"avia_2_1\" value=\"\" \/><\/p><p class='  form_element form_element_third' id='element_avia_3_1'><label for=\"avia_3_1\">Puhelin <abbr class=\"required\" title=\"required\">*<\/abbr><\/label> <input name=\"avia_3_1\" class=\"text_input is_empty\" type=\"text\" id=\"avia_3_1\" value=\"\" \/><\/p><p class='  first_form  form_element form_fullwidth av-last-visible-form-element' id='element_avia_4_1'><label for=\"avia_4_1\" class=\"textare_label hidden textare_label_avia_4_1\">Kysymys <abbr class=\"required\" title=\"required\">*<\/abbr><\/label><textarea  name=\"avia_4_1\" class=\"text_area is_empty\" cols=\"40\" rows=\"7\" id=\"avia_4_1\" ><\/textarea><\/p><p class=\"hidden\"><input type=\"text\" name=\"avia_5_1\" class=\"hidden \" id=\"avia_5_1\" value=\"\" \/><\/p><p class=\"form_element \"><input type=\"hidden\" value=\"1\" name=\"avia_generated_form1\" \/><input type=\"submit\" value=\"L\u00e4hett\u00e4\u00e4\" class=\"button\"  data-sending-label=\"Sending\"\/><\/p><\/fieldset><\/form><div id=\"ajaxresponse_1\" class=\"ajaxresponse ajaxresponse_1 hidden\"><\/div><\/p><\/div>\n","protected":false},"excerpt":{"rendered":"","protected":false},"author":1,"featured_media":0,"parent":0,"menu_order":0,"comment_status":"closed","ping_status":"closed","template":"","meta":{"footnotes":""},"class_list":["post-570","page","type-page","status-publish","hentry"],"yoast_head":"<!-- This site is optimized with the Yoast SEO plugin v23.7 - https:\/\/yoast.com\/wordpress\/plugins\/seo\/ -->\n<title>Tilinp\u00e4\u00e4t\u00f6kset - 3D Consult O\u00dc<\/title>\n<meta name=\"robots\" content=\"index, follow, max-snippet:-1, max-image-preview:large, max-video-preview:-1\" \/>\n<link rel=\"canonical\" href=\"https:\/\/3dconsult.ee\/fi\/tilinpaatokset\/\" \/>\n<meta property=\"og:locale\" content=\"fi_FI\" \/>\n<meta property=\"og:type\" content=\"article\" \/>\n<meta property=\"og:title\" content=\"Tilinp\u00e4\u00e4t\u00f6kset - 3D Consult O\u00dc\" \/>\n<meta property=\"og:url\" content=\"https:\/\/3dconsult.ee\/fi\/tilinpaatokset\/\" \/>\n<meta property=\"og:site_name\" content=\"3D Consult O\u00dc\" \/>\n<meta property=\"article:modified_time\" content=\"2018-02-08T10:56:59+00:00\" \/>\n<meta name=\"twitter:card\" content=\"summary_large_image\" \/>\n<meta name=\"twitter:label1\" content=\"Arvioitu lukuaika\" \/>\n\t<meta name=\"twitter:data1\" content=\"3 minuuttia\" \/>\n<script type=\"application\/ld+json\" class=\"yoast-schema-graph\">{\"@context\":\"https:\/\/schema.org\",\"@graph\":[{\"@type\":\"WebPage\",\"@id\":\"https:\/\/3dconsult.ee\/fi\/tilinpaatokset\/\",\"url\":\"https:\/\/3dconsult.ee\/fi\/tilinpaatokset\/\",\"name\":\"Tilinp\u00e4\u00e4t\u00f6kset - 3D Consult O\u00dc\",\"isPartOf\":{\"@id\":\"https:\/\/3dconsult.ee\/#website\"},\"datePublished\":\"2017-11-08T21:30:39+00:00\",\"dateModified\":\"2018-02-08T10:56:59+00:00\",\"breadcrumb\":{\"@id\":\"https:\/\/3dconsult.ee\/fi\/tilinpaatokset\/#breadcrumb\"},\"inLanguage\":\"fi\",\"potentialAction\":[{\"@type\":\"ReadAction\",\"target\":[\"https:\/\/3dconsult.ee\/fi\/tilinpaatokset\/\"]}]},{\"@type\":\"BreadcrumbList\",\"@id\":\"https:\/\/3dconsult.ee\/fi\/tilinpaatokset\/#breadcrumb\",\"itemListElement\":[{\"@type\":\"ListItem\",\"position\":1,\"name\":\"Home\",\"item\":\"https:\/\/3dconsult.ee\/fi\/etusivu\/\"},{\"@type\":\"ListItem\",\"position\":2,\"name\":\"Tilinp\u00e4\u00e4t\u00f6kset\"}]},{\"@type\":\"WebSite\",\"@id\":\"https:\/\/3dconsult.ee\/#website\",\"url\":\"https:\/\/3dconsult.ee\/\",\"name\":\"3D Consult O\u00dc\",\"description\":\"\",\"publisher\":{\"@id\":\"https:\/\/3dconsult.ee\/#organization\"},\"potentialAction\":[{\"@type\":\"SearchAction\",\"target\":{\"@type\":\"EntryPoint\",\"urlTemplate\":\"https:\/\/3dconsult.ee\/?s={search_term_string}\"},\"query-input\":{\"@type\":\"PropertyValueSpecification\",\"valueRequired\":true,\"valueName\":\"search_term_string\"}}],\"inLanguage\":\"fi\"},{\"@type\":\"Organization\",\"@id\":\"https:\/\/3dconsult.ee\/#organization\",\"name\":\"3D Consult O\u00dc\",\"url\":\"https:\/\/3dconsult.ee\/\",\"logo\":{\"@type\":\"ImageObject\",\"inLanguage\":\"fi\",\"@id\":\"https:\/\/3dconsult.ee\/#\/schema\/logo\/image\/\",\"url\":\"https:\/\/3dconsult.ee\/wp-content\/uploads\/2017\/11\/3d-consult.png\",\"contentUrl\":\"https:\/\/3dconsult.ee\/wp-content\/uploads\/2017\/11\/3d-consult.png\",\"width\":187,\"height\":260,\"caption\":\"3D Consult O\u00dc\"},\"image\":{\"@id\":\"https:\/\/3dconsult.ee\/#\/schema\/logo\/image\/\"}}]}<\/script>\n<!-- \/ Yoast SEO plugin. -->","yoast_head_json":{"title":"Tilinp\u00e4\u00e4t\u00f6kset - 3D Consult O\u00dc","robots":{"index":"index","follow":"follow","max-snippet":"max-snippet:-1","max-image-preview":"max-image-preview:large","max-video-preview":"max-video-preview:-1"},"canonical":"https:\/\/3dconsult.ee\/fi\/tilinpaatokset\/","og_locale":"fi_FI","og_type":"article","og_title":"Tilinp\u00e4\u00e4t\u00f6kset - 3D Consult O\u00dc","og_url":"https:\/\/3dconsult.ee\/fi\/tilinpaatokset\/","og_site_name":"3D Consult O\u00dc","article_modified_time":"2018-02-08T10:56:59+00:00","twitter_card":"summary_large_image","twitter_misc":{"Arvioitu lukuaika":"3 minuuttia"},"schema":{"@context":"https:\/\/schema.org","@graph":[{"@type":"WebPage","@id":"https:\/\/3dconsult.ee\/fi\/tilinpaatokset\/","url":"https:\/\/3dconsult.ee\/fi\/tilinpaatokset\/","name":"Tilinp\u00e4\u00e4t\u00f6kset - 3D Consult O\u00dc","isPartOf":{"@id":"https:\/\/3dconsult.ee\/#website"},"datePublished":"2017-11-08T21:30:39+00:00","dateModified":"2018-02-08T10:56:59+00:00","breadcrumb":{"@id":"https:\/\/3dconsult.ee\/fi\/tilinpaatokset\/#breadcrumb"},"inLanguage":"fi","potentialAction":[{"@type":"ReadAction","target":["https:\/\/3dconsult.ee\/fi\/tilinpaatokset\/"]}]},{"@type":"BreadcrumbList","@id":"https:\/\/3dconsult.ee\/fi\/tilinpaatokset\/#breadcrumb","itemListElement":[{"@type":"ListItem","position":1,"name":"Home","item":"https:\/\/3dconsult.ee\/fi\/etusivu\/"},{"@type":"ListItem","position":2,"name":"Tilinp\u00e4\u00e4t\u00f6kset"}]},{"@type":"WebSite","@id":"https:\/\/3dconsult.ee\/#website","url":"https:\/\/3dconsult.ee\/","name":"3D Consult O\u00dc","description":"","publisher":{"@id":"https:\/\/3dconsult.ee\/#organization"},"potentialAction":[{"@type":"SearchAction","target":{"@type":"EntryPoint","urlTemplate":"https:\/\/3dconsult.ee\/?s={search_term_string}"},"query-input":{"@type":"PropertyValueSpecification","valueRequired":true,"valueName":"search_term_string"}}],"inLanguage":"fi"},{"@type":"Organization","@id":"https:\/\/3dconsult.ee\/#organization","name":"3D Consult O\u00dc","url":"https:\/\/3dconsult.ee\/","logo":{"@type":"ImageObject","inLanguage":"fi","@id":"https:\/\/3dconsult.ee\/#\/schema\/logo\/image\/","url":"https:\/\/3dconsult.ee\/wp-content\/uploads\/2017\/11\/3d-consult.png","contentUrl":"https:\/\/3dconsult.ee\/wp-content\/uploads\/2017\/11\/3d-consult.png","width":187,"height":260,"caption":"3D Consult O\u00dc"},"image":{"@id":"https:\/\/3dconsult.ee\/#\/schema\/logo\/image\/"}}]}},"_links":{"self":[{"href":"https:\/\/3dconsult.ee\/fi\/wp-json\/wp\/v2\/pages\/570"}],"collection":[{"href":"https:\/\/3dconsult.ee\/fi\/wp-json\/wp\/v2\/pages"}],"about":[{"href":"https:\/\/3dconsult.ee\/fi\/wp-json\/wp\/v2\/types\/page"}],"author":[{"embeddable":true,"href":"https:\/\/3dconsult.ee\/fi\/wp-json\/wp\/v2\/users\/1"}],"replies":[{"embeddable":true,"href":"https:\/\/3dconsult.ee\/fi\/wp-json\/wp\/v2\/comments?post=570"}],"version-history":[{"count":3,"href":"https:\/\/3dconsult.ee\/fi\/wp-json\/wp\/v2\/pages\/570\/revisions"}],"predecessor-version":[{"id":615,"href":"https:\/\/3dconsult.ee\/fi\/wp-json\/wp\/v2\/pages\/570\/revisions\/615"}],"wp:attachment":[{"href":"https:\/\/3dconsult.ee\/fi\/wp-json\/wp\/v2\/media?parent=570"}],"curies":[{"name":"wp","href":"https:\/\/api.w.org\/{rel}","templated":true}]}}