{"id":574,"date":"2014-08-25T14:08:41","date_gmt":"2014-08-25T14:08:41","guid":{"rendered":"http:\/\/3dconsult.ee\/home-page\/"},"modified":"2018-01-19T10:10:29","modified_gmt":"2018-01-19T10:10:29","slug":"etusivu","status":"publish","type":"page","link":"https:\/\/3dconsult.ee\/fi\/","title":{"rendered":"Etusivu"},"content":{"rendered":"<div   class='avia-fullscreen-slider main_color   avia-builder-el-0  avia-builder-el-no-sibling  container_wrap fullsize'  >\n<style type=\"text\/css\" data-created_by=\"avia_inline_auto\" id=\"style-css-av-av_fullscreen-e90d1b7bde51431d59053563b7135915\">\n#top #wrap_all .avia-slideshow .av-slideshow-caption.av-av_fullscreen-e90d1b7bde51431d59053563b7135915__0 .avia-caption-title{\nfont-size:60px;\ncolor:#ffffff;\n}\n#top .avia-slideshow .av-slideshow-caption.av-av_fullscreen-e90d1b7bde51431d59053563b7135915__0 .avia-caption-content{\nfont-size:18px;\ncolor:#ffffff;\n}\n#top .avia-slideshow .av-slideshow-caption.av-av_fullscreen-e90d1b7bde51431d59053563b7135915__0 .avia-caption-content p{\nfont-size:18px;\n}\n<\/style>\n<div  class='avia-slideshow av-av_fullscreen-e90d1b7bde51431d59053563b7135915 avia-slideshow-extra_large av_fullscreen avia-fade-slider av-slideshow-ui av-control-hidden av-no-slider-navigation av-hide-nav-arrows av-slideshow-autoplay av-loop-endless av-loop-manual-endless av-default-height-applied   avia-slideshow-1' data-slideshow-options=\"{&quot;animation&quot;:&quot;fade&quot;,&quot;autoplay&quot;:true,&quot;loop_autoplay&quot;:&quot;endless&quot;,&quot;interval&quot;:6,&quot;loop_manual&quot;:&quot;manual-endless&quot;,&quot;autoplay_stopper&quot;:false,&quot;noNavigation&quot;:true,&quot;bg_slider&quot;:true,&quot;keep_padding&quot;:false,&quot;hoverpause&quot;:false,&quot;show_slide_delay&quot;:0,&quot;slide_height&quot;:&quot;100&quot;,&quot;image_attachment&quot;:&quot;&quot;}\"  itemprop=\"image\" itemscope=\"itemscope\" itemtype=\"https:\/\/schema.org\/ImageObject\" ><ul class='avia-slideshow-inner ' style='padding-bottom: 75%;'><li style='background-position:center center;' data-img-url='https:\/\/3dconsult.ee\/wp-content\/uploads\/2014\/08\/raamatupidamine.jpg' class='avia-slideshow-slide av-av_fullscreen-e90d1b7bde51431d59053563b7135915__0  slide-1 slide-odd'><div data-rel='slideshow-1' class='avia-slide-wrap '   ><div class='av-section-color-overlay' style='opacity: 0.5; background-color: #3f3f3f; '><\/div><\/div><\/li><li style='background-position:bottom center;' data-img-url='https:\/\/3dconsult.ee\/wp-content\/uploads\/2014\/08\/aastaaruanne.jpg' class='avia-slideshow-slide av-av_fullscreen-e90d1b7bde51431d59053563b7135915__1  slide-2 slide-even'><div data-rel='slideshow-1' class='avia-slide-wrap '   ><\/div><\/li><\/ul><div class='avia-slideshow-arrows avia-slideshow-controls' ><a href='#prev' class='prev-slide ' aria-hidden='true' data-av_icon='\ue87c' data-av_iconfont='entypo-fontello'  tabindex='-1'>Previous<\/a><a href='#next' class='next-slide ' aria-hidden='true' data-av_icon='\ue87d' data-av_iconfont='entypo-fontello'  tabindex='-1'>Next<\/a><\/div><div class='av-slideshow-caption av-av_fullscreen-e90d1b7bde51431d59053563b7135915__0 caption_fullwidth caption_center'><div class=\"container caption_container\"><div class=\"slideshow_caption\"><div class=\"slideshow_inner_caption\"><div class=\"slideshow_align_caption\"><h2 class='avia-caption-title '  itemprop=\"name\" >3D CONSULT O\u00dc<\/h2><div class='avia-caption-content av_inherit_color'  itemprop=\"description\" ><p>Olemme hyv\u00e4 kirjanpitoyhti\u00f6 erityisesti pienille ja keskisuurille yrityksille, yhdistyksille ja yksityisyritt\u00e4jille. Palvelumme sopii niille, joiden kirjanpitotositteiden pienen m\u00e4\u00e4r\u00e4n vuoksi ei ole j\u00e4rkev\u00e4\u00e4 palkata kirjanpit\u00e4j\u00e4\u00e4 eik\u00e4 ostaa kirjanpito-ohjelmaa. Lis\u00e4ksi kirjanpitoon liittyv\u00e4 lains\u00e4\u00e4d\u00e4nt\u00f6 muuttuu koko ajan. On helpompaa keskitty\u00e4 p\u00e4\u00e4ty\u00f6h\u00f6n ja j\u00e4tt\u00e4\u00e4 kirjanpito asiantuntijoille.<\/p>\n<p>Meid\u00e4n palveluamme voi hoitaa t\u00e4ysin et\u00e4k\u00e4ytt\u00f6isesti ilman henkil\u00f6kohtaisia tapaamisia. Olemme toimineet kirjanpitomarkkinoilla vuodesta 2002 l\u00e4htien ja palvelemme asiakkaita ymp\u00e4ri Viroa. Meill\u00e4 on kokemusta my\u00f6s kirjanpitopalveluiden tarjoamisesta Suomessa toimiville yrityksille.<\/p>\n<\/div><a href='https:\/\/3dconsult.ee\/fi\/tilinpaatokset\/'  class='avia-slideshow-button avia-button avia-color-theme-color avia-multi-slideshow-button' data-duration='800' data-easing='easeInOutQuad'>Tilinp\u00e4\u00e4t\u00f6kset<\/a><a href='https:\/\/3dconsult.ee\/fi\/kirjanpito\/'  class='avia-slideshow-button avia-button avia-color-theme-color avia-multi-slideshow-button avia-slideshow-button-2' data-duration='800' data-easing='easeInOutQuad'>Kirjanpito<\/a><\/div><\/div><\/div><\/div><\/div><\/div><\/div>\n","protected":false},"excerpt":{"rendered":"","protected":false},"author":1,"featured_media":0,"parent":0,"menu_order":0,"comment_status":"open","ping_status":"closed","template":"","meta":{"footnotes":""},"class_list":["post-574","page","type-page","status-publish","hentry"],"yoast_head":"<!-- This site is optimized with the Yoast SEO plugin v23.7 - https:\/\/yoast.com\/wordpress\/plugins\/seo\/ -->\n<title>Etusivu - 3D Consult O\u00dc<\/title>\n<meta name=\"robots\" content=\"index, follow, max-snippet:-1, max-image-preview:large, max-video-preview:-1\" \/>\n<link rel=\"canonical\" href=\"https:\/\/3dconsult.ee\/fi\/etusivu\/\" \/>\n<meta property=\"og:locale\" content=\"fi_FI\" \/>\n<meta property=\"og:type\" content=\"article\" \/>\n<meta property=\"og:title\" content=\"Etusivu - 3D Consult O\u00dc\" \/>\n<meta property=\"og:url\" content=\"https:\/\/3dconsult.ee\/fi\/etusivu\/\" \/>\n<meta property=\"og:site_name\" content=\"3D Consult O\u00dc\" \/>\n<meta property=\"article:modified_time\" content=\"2018-01-19T10:10:29+00:00\" \/>\n<meta name=\"twitter:card\" content=\"summary_large_image\" \/>\n<meta name=\"twitter:label1\" content=\"Arvioitu lukuaika\" \/>\n\t<meta name=\"twitter:data1\" content=\"2 minuuttia\" \/>\n<script type=\"application\/ld+json\" class=\"yoast-schema-graph\">{\"@context\":\"https:\/\/schema.org\",\"@graph\":[{\"@type\":\"WebPage\",\"@id\":\"https:\/\/3dconsult.ee\/fi\/etusivu\/\",\"url\":\"https:\/\/3dconsult.ee\/fi\/etusivu\/\",\"name\":\"Etusivu - 3D Consult O\u00dc\",\"isPartOf\":{\"@id\":\"https:\/\/3dconsult.ee\/#website\"},\"datePublished\":\"2014-08-25T14:08:41+00:00\",\"dateModified\":\"2018-01-19T10:10:29+00:00\",\"breadcrumb\":{\"@id\":\"https:\/\/3dconsult.ee\/fi\/etusivu\/#breadcrumb\"},\"inLanguage\":\"fi\",\"potentialAction\":[{\"@type\":\"ReadAction\",\"target\":[\"https:\/\/3dconsult.ee\/fi\/etusivu\/\"]}]},{\"@type\":\"BreadcrumbList\",\"@id\":\"https:\/\/3dconsult.ee\/fi\/etusivu\/#breadcrumb\",\"itemListElement\":[{\"@type\":\"ListItem\",\"position\":1,\"name\":\"Home\",\"item\":\"https:\/\/3dconsult.ee\/fi\/etusivu\/\"},{\"@type\":\"ListItem\",\"position\":2,\"name\":\"Etusivu\"}]},{\"@type\":\"WebSite\",\"@id\":\"https:\/\/3dconsult.ee\/#website\",\"url\":\"https:\/\/3dconsult.ee\/\",\"name\":\"3D Consult O\u00dc\",\"description\":\"\",\"publisher\":{\"@id\":\"https:\/\/3dconsult.ee\/#organization\"},\"potentialAction\":[{\"@type\":\"SearchAction\",\"target\":{\"@type\":\"EntryPoint\",\"urlTemplate\":\"https:\/\/3dconsult.ee\/?s={search_term_string}\"},\"query-input\":{\"@type\":\"PropertyValueSpecification\",\"valueRequired\":true,\"valueName\":\"search_term_string\"}}],\"inLanguage\":\"fi\"},{\"@type\":\"Organization\",\"@id\":\"https:\/\/3dconsult.ee\/#organization\",\"name\":\"3D Consult O\u00dc\",\"url\":\"https:\/\/3dconsult.ee\/\",\"logo\":{\"@type\":\"ImageObject\",\"inLanguage\":\"fi\",\"@id\":\"https:\/\/3dconsult.ee\/#\/schema\/logo\/image\/\",\"url\":\"https:\/\/3dconsult.ee\/wp-content\/uploads\/2017\/11\/3d-consult.png\",\"contentUrl\":\"https:\/\/3dconsult.ee\/wp-content\/uploads\/2017\/11\/3d-consult.png\",\"width\":187,\"height\":260,\"caption\":\"3D Consult O\u00dc\"},\"image\":{\"@id\":\"https:\/\/3dconsult.ee\/#\/schema\/logo\/image\/\"}}]}<\/script>\n<!-- \/ Yoast SEO plugin. -->","yoast_head_json":{"title":"Etusivu - 3D Consult O\u00dc","robots":{"index":"index","follow":"follow","max-snippet":"max-snippet:-1","max-image-preview":"max-image-preview:large","max-video-preview":"max-video-preview:-1"},"canonical":"https:\/\/3dconsult.ee\/fi\/etusivu\/","og_locale":"fi_FI","og_type":"article","og_title":"Etusivu - 3D Consult O\u00dc","og_url":"https:\/\/3dconsult.ee\/fi\/etusivu\/","og_site_name":"3D Consult O\u00dc","article_modified_time":"2018-01-19T10:10:29+00:00","twitter_card":"summary_large_image","twitter_misc":{"Arvioitu lukuaika":"2 minuuttia"},"schema":{"@context":"https:\/\/schema.org","@graph":[{"@type":"WebPage","@id":"https:\/\/3dconsult.ee\/fi\/etusivu\/","url":"https:\/\/3dconsult.ee\/fi\/etusivu\/","name":"Etusivu - 3D Consult O\u00dc","isPartOf":{"@id":"https:\/\/3dconsult.ee\/#website"},"datePublished":"2014-08-25T14:08:41+00:00","dateModified":"2018-01-19T10:10:29+00:00","breadcrumb":{"@id":"https:\/\/3dconsult.ee\/fi\/etusivu\/#breadcrumb"},"inLanguage":"fi","potentialAction":[{"@type":"ReadAction","target":["https:\/\/3dconsult.ee\/fi\/etusivu\/"]}]},{"@type":"BreadcrumbList","@id":"https:\/\/3dconsult.ee\/fi\/etusivu\/#breadcrumb","itemListElement":[{"@type":"ListItem","position":1,"name":"Home","item":"https:\/\/3dconsult.ee\/fi\/etusivu\/"},{"@type":"ListItem","position":2,"name":"Etusivu"}]},{"@type":"WebSite","@id":"https:\/\/3dconsult.ee\/#website","url":"https:\/\/3dconsult.ee\/","name":"3D Consult O\u00dc","description":"","publisher":{"@id":"https:\/\/3dconsult.ee\/#organization"},"potentialAction":[{"@type":"SearchAction","target":{"@type":"EntryPoint","urlTemplate":"https:\/\/3dconsult.ee\/?s={search_term_string}"},"query-input":{"@type":"PropertyValueSpecification","valueRequired":true,"valueName":"search_term_string"}}],"inLanguage":"fi"},{"@type":"Organization","@id":"https:\/\/3dconsult.ee\/#organization","name":"3D Consult O\u00dc","url":"https:\/\/3dconsult.ee\/","logo":{"@type":"ImageObject","inLanguage":"fi","@id":"https:\/\/3dconsult.ee\/#\/schema\/logo\/image\/","url":"https:\/\/3dconsult.ee\/wp-content\/uploads\/2017\/11\/3d-consult.png","contentUrl":"https:\/\/3dconsult.ee\/wp-content\/uploads\/2017\/11\/3d-consult.png","width":187,"height":260,"caption":"3D Consult O\u00dc"},"image":{"@id":"https:\/\/3dconsult.ee\/#\/schema\/logo\/image\/"}}]}},"_links":{"self":[{"href":"https:\/\/3dconsult.ee\/fi\/wp-json\/wp\/v2\/pages\/574"}],"collection":[{"href":"https:\/\/3dconsult.ee\/fi\/wp-json\/wp\/v2\/pages"}],"about":[{"href":"https:\/\/3dconsult.ee\/fi\/wp-json\/wp\/v2\/types\/page"}],"author":[{"embeddable":true,"href":"https:\/\/3dconsult.ee\/fi\/wp-json\/wp\/v2\/users\/1"}],"replies":[{"embeddable":true,"href":"https:\/\/3dconsult.ee\/fi\/wp-json\/wp\/v2\/comments?post=574"}],"version-history":[{"count":3,"href":"https:\/\/3dconsult.ee\/fi\/wp-json\/wp\/v2\/pages\/574\/revisions"}],"predecessor-version":[{"id":609,"href":"https:\/\/3dconsult.ee\/fi\/wp-json\/wp\/v2\/pages\/574\/revisions\/609"}],"wp:attachment":[{"href":"https:\/\/3dconsult.ee\/fi\/wp-json\/wp\/v2\/media?parent=574"}],"curies":[{"name":"wp","href":"https:\/\/api.w.org\/{rel}","templated":true}]}}