{"id":588,"date":"2017-12-13T09:41:13","date_gmt":"2017-12-13T09:41:13","guid":{"rendered":"http:\/\/3dconsult.ee\/prices\/"},"modified":"2018-02-08T11:00:26","modified_gmt":"2018-02-08T11:00:26","slug":"hinnat","status":"publish","type":"page","link":"https:\/\/3dconsult.ee\/fi\/hinnat\/","title":{"rendered":"Hinnat"},"content":{"rendered":"<div id='korgus'  class='avia-section av-av_section-3f97df9af11726264467929576495b51 main_color avia-section-default avia-no-shadow  avia-builder-el-0  avia-builder-el-no-sibling  avia-bg-style-scroll container_wrap fullsize'  ><div class='container av-section-cont-open' ><main  role=\"main\" itemprop=\"mainContentOfPage\"  class='template-page content  av-content-full alpha units'><div class='post-entry post-entry-type-page post-entry-588'><div class='entry-content-wrapper clearfix'>\n\n<style type=\"text\/css\" data-created_by=\"avia_inline_auto\" id=\"style-css-av-av_one_full-15d750bd1b332b34c6e70b077ebbccdf\">\n.flex_column.av-av_one_full-15d750bd1b332b34c6e70b077ebbccdf{\nborder-radius:0px 0px 0px 0px;\npadding:0px 0px 0px 0px;\n}\n<\/style>\n<div  class='flex_column av-av_one_full-15d750bd1b332b34c6e70b077ebbccdf av_one_full  avia-builder-el-1  avia-builder-el-no-sibling  first flex_column_div av-zero-column-padding  '     ><p>\n<style type=\"text\/css\" data-created_by=\"avia_inline_auto\" id=\"style-css-av-av_heading-6605aa8a6eab5e24f94cc3c7a62a0a9f\">\n#top .av-special-heading.av-av_heading-6605aa8a6eab5e24f94cc3c7a62a0a9f{\npadding-bottom:10px;\n}\nbody .av-special-heading.av-av_heading-6605aa8a6eab5e24f94cc3c7a62a0a9f .av-special-heading-tag .heading-char{\nfont-size:25px;\n}\n.av-special-heading.av-av_heading-6605aa8a6eab5e24f94cc3c7a62a0a9f .av-subheading{\nfont-size:15px;\n}\n<\/style>\n<div  class='av-special-heading av-av_heading-6605aa8a6eab5e24f94cc3c7a62a0a9f av-special-heading-h1  avia-builder-el-2  el_before_av_textblock  avia-builder-el-first '><h1 class='av-special-heading-tag'  itemprop=\"headline\"  >Hinnat<\/h1><div class=\"special-heading-border\"><div class=\"special-heading-inner-border\"><\/div><\/div><\/div><br \/>\n<section  class='av_textblock_section av-av_textblock-2de302bf1aa3cf4c9157dbe6f50ac7eb '   itemscope=\"itemscope\" itemtype=\"https:\/\/schema.org\/CreativeWork\" ><div class='avia_textblock'  itemprop=\"text\" ><p><strong>Liikeyritykset<\/strong><\/p>\n<p>Kirjanpitopalvelun hinta riippuu suoranaisesti yhden kuukauden aikana kertyvien tositteiden (ei kirjausten) lukum\u00e4\u00e4r\u00e4st\u00e4. Vaikka suurin osa kirjanpitopalveluja tarjoavia yrityksi\u00e4 sitoo palvelunsa hinnan kirjanpitomerkint\u00f6jen lukum\u00e4\u00e4r\u00e4\u00e4n, niin me katsomme, ett\u00e4 kyseinen toimintatapa on monessa suhteessa yritt\u00e4j\u00e4n osalta harhaan johtava eik\u00e4 yritt\u00e4j\u00e4 pysty siten mitenk\u00e4\u00e4n palvelusta maksamansa hintaa kontrolloimaan.<\/p>\n<p><strong>Kirjanpitotositteet ovat:<\/strong><br \/>\nmyyntilasku, ostolasku, k\u00e4teiskuitti, palkkalehti, kassatulotodistus, kassamenotodistus, tavaran tai perusp\u00e4\u00e4oman poisto- tai hankintatodistus.<\/p>\n<table border=\"0\" width=\"448\">\n<tbody>\n<tr class=\"td1\">\n<td width=\"238\">0 \u2013 30 kirjanpitotositteett\u00e4<\/td>\n<td width=\"200\">65 EUR + ALV 20%<\/td>\n<\/tr>\n<tr class=\"td2\">\n<td>31 \u2013 60 kirjanpitotositteett\u00e4<\/td>\n<td>83 EUR + ALV 20%<\/td>\n<\/tr>\n<tr class=\"td1\">\n<td>61 \u2013 100 kirjanpitotositteett\u00e4<\/td>\n<td>115 EUR + ALV 20%<\/td>\n<\/tr>\n<tr class=\"td2\">\n<td>101 \u2013 150 kirjanpitotositteett\u00e4<\/td>\n<td>140 EUR + ALV 20%<\/td>\n<\/tr>\n<tr class=\"td1\">\n<td>151 \u2013 200 kirjanpitotositteett\u00e4<\/td>\n<td>179 EUR + ALV 20%<\/td>\n<\/tr>\n<tr class=\"td2\">\n<td>201 \u2013 250 kirjanpitotositteett\u00e4<\/td>\n<td>211 EUR + ALV 20%<\/td>\n<\/tr>\n<tr class=\"td2\">\n<td>251 ja enemm\u00e4n<\/td>\n<td>sovitaan erikseen<\/td>\n<\/tr>\n<\/tbody>\n<\/table>\n<p>Kirjanpitotositteiden perustuvaan hintaan lis\u00e4\u00e4ntyy:<\/p>\n<p>Ty\u00f6ntekij\u00e4 3,20 EUR + ALV 20% kuukaudessa Tilinp\u00e4\u00e4t\u00f6ksen laatiminen 65 EUR + ALV 20% (kerran vuodessa)<\/p>\n<\/div><\/section><\/p><\/div>\n","protected":false},"excerpt":{"rendered":"","protected":false},"author":1,"featured_media":0,"parent":0,"menu_order":0,"comment_status":"closed","ping_status":"closed","template":"","meta":{"footnotes":""},"class_list":["post-588","page","type-page","status-publish","hentry"],"yoast_head":"<!-- This site is optimized with the Yoast SEO plugin v23.7 - https:\/\/yoast.com\/wordpress\/plugins\/seo\/ -->\n<title>Hinnat - 3D Consult O\u00dc<\/title>\n<meta name=\"robots\" content=\"index, follow, max-snippet:-1, max-image-preview:large, max-video-preview:-1\" \/>\n<link rel=\"canonical\" href=\"https:\/\/3dconsult.ee\/fi\/hinnat\/\" \/>\n<meta property=\"og:locale\" content=\"fi_FI\" \/>\n<meta property=\"og:type\" content=\"article\" \/>\n<meta property=\"og:title\" content=\"Hinnat - 3D Consult O\u00dc\" \/>\n<meta property=\"og:url\" content=\"https:\/\/3dconsult.ee\/fi\/hinnat\/\" \/>\n<meta property=\"og:site_name\" content=\"3D Consult O\u00dc\" \/>\n<meta property=\"article:modified_time\" content=\"2018-02-08T11:00:26+00:00\" \/>\n<meta name=\"twitter:card\" content=\"summary_large_image\" \/>\n<meta name=\"twitter:label1\" content=\"Arvioitu lukuaika\" \/>\n\t<meta name=\"twitter:data1\" content=\"2 minuuttia\" \/>\n<script type=\"application\/ld+json\" class=\"yoast-schema-graph\">{\"@context\":\"https:\/\/schema.org\",\"@graph\":[{\"@type\":\"WebPage\",\"@id\":\"https:\/\/3dconsult.ee\/fi\/hinnat\/\",\"url\":\"https:\/\/3dconsult.ee\/fi\/hinnat\/\",\"name\":\"Hinnat - 3D Consult O\u00dc\",\"isPartOf\":{\"@id\":\"https:\/\/3dconsult.ee\/#website\"},\"datePublished\":\"2017-12-13T09:41:13+00:00\",\"dateModified\":\"2018-02-08T11:00:26+00:00\",\"breadcrumb\":{\"@id\":\"https:\/\/3dconsult.ee\/fi\/hinnat\/#breadcrumb\"},\"inLanguage\":\"fi\",\"potentialAction\":[{\"@type\":\"ReadAction\",\"target\":[\"https:\/\/3dconsult.ee\/fi\/hinnat\/\"]}]},{\"@type\":\"BreadcrumbList\",\"@id\":\"https:\/\/3dconsult.ee\/fi\/hinnat\/#breadcrumb\",\"itemListElement\":[{\"@type\":\"ListItem\",\"position\":1,\"name\":\"Home\",\"item\":\"https:\/\/3dconsult.ee\/fi\/etusivu\/\"},{\"@type\":\"ListItem\",\"position\":2,\"name\":\"Hinnat\"}]},{\"@type\":\"WebSite\",\"@id\":\"https:\/\/3dconsult.ee\/#website\",\"url\":\"https:\/\/3dconsult.ee\/\",\"name\":\"3D Consult O\u00dc\",\"description\":\"\",\"publisher\":{\"@id\":\"https:\/\/3dconsult.ee\/#organization\"},\"potentialAction\":[{\"@type\":\"SearchAction\",\"target\":{\"@type\":\"EntryPoint\",\"urlTemplate\":\"https:\/\/3dconsult.ee\/?s={search_term_string}\"},\"query-input\":{\"@type\":\"PropertyValueSpecification\",\"valueRequired\":true,\"valueName\":\"search_term_string\"}}],\"inLanguage\":\"fi\"},{\"@type\":\"Organization\",\"@id\":\"https:\/\/3dconsult.ee\/#organization\",\"name\":\"3D Consult O\u00dc\",\"url\":\"https:\/\/3dconsult.ee\/\",\"logo\":{\"@type\":\"ImageObject\",\"inLanguage\":\"fi\",\"@id\":\"https:\/\/3dconsult.ee\/#\/schema\/logo\/image\/\",\"url\":\"https:\/\/3dconsult.ee\/wp-content\/uploads\/2017\/11\/3d-consult.png\",\"contentUrl\":\"https:\/\/3dconsult.ee\/wp-content\/uploads\/2017\/11\/3d-consult.png\",\"width\":187,\"height\":260,\"caption\":\"3D Consult O\u00dc\"},\"image\":{\"@id\":\"https:\/\/3dconsult.ee\/#\/schema\/logo\/image\/\"}}]}<\/script>\n<!-- \/ Yoast SEO plugin. -->","yoast_head_json":{"title":"Hinnat - 3D Consult O\u00dc","robots":{"index":"index","follow":"follow","max-snippet":"max-snippet:-1","max-image-preview":"max-image-preview:large","max-video-preview":"max-video-preview:-1"},"canonical":"https:\/\/3dconsult.ee\/fi\/hinnat\/","og_locale":"fi_FI","og_type":"article","og_title":"Hinnat - 3D Consult O\u00dc","og_url":"https:\/\/3dconsult.ee\/fi\/hinnat\/","og_site_name":"3D Consult O\u00dc","article_modified_time":"2018-02-08T11:00:26+00:00","twitter_card":"summary_large_image","twitter_misc":{"Arvioitu lukuaika":"2 minuuttia"},"schema":{"@context":"https:\/\/schema.org","@graph":[{"@type":"WebPage","@id":"https:\/\/3dconsult.ee\/fi\/hinnat\/","url":"https:\/\/3dconsult.ee\/fi\/hinnat\/","name":"Hinnat - 3D Consult O\u00dc","isPartOf":{"@id":"https:\/\/3dconsult.ee\/#website"},"datePublished":"2017-12-13T09:41:13+00:00","dateModified":"2018-02-08T11:00:26+00:00","breadcrumb":{"@id":"https:\/\/3dconsult.ee\/fi\/hinnat\/#breadcrumb"},"inLanguage":"fi","potentialAction":[{"@type":"ReadAction","target":["https:\/\/3dconsult.ee\/fi\/hinnat\/"]}]},{"@type":"BreadcrumbList","@id":"https:\/\/3dconsult.ee\/fi\/hinnat\/#breadcrumb","itemListElement":[{"@type":"ListItem","position":1,"name":"Home","item":"https:\/\/3dconsult.ee\/fi\/etusivu\/"},{"@type":"ListItem","position":2,"name":"Hinnat"}]},{"@type":"WebSite","@id":"https:\/\/3dconsult.ee\/#website","url":"https:\/\/3dconsult.ee\/","name":"3D Consult O\u00dc","description":"","publisher":{"@id":"https:\/\/3dconsult.ee\/#organization"},"potentialAction":[{"@type":"SearchAction","target":{"@type":"EntryPoint","urlTemplate":"https:\/\/3dconsult.ee\/?s={search_term_string}"},"query-input":{"@type":"PropertyValueSpecification","valueRequired":true,"valueName":"search_term_string"}}],"inLanguage":"fi"},{"@type":"Organization","@id":"https:\/\/3dconsult.ee\/#organization","name":"3D Consult O\u00dc","url":"https:\/\/3dconsult.ee\/","logo":{"@type":"ImageObject","inLanguage":"fi","@id":"https:\/\/3dconsult.ee\/#\/schema\/logo\/image\/","url":"https:\/\/3dconsult.ee\/wp-content\/uploads\/2017\/11\/3d-consult.png","contentUrl":"https:\/\/3dconsult.ee\/wp-content\/uploads\/2017\/11\/3d-consult.png","width":187,"height":260,"caption":"3D Consult O\u00dc"},"image":{"@id":"https:\/\/3dconsult.ee\/#\/schema\/logo\/image\/"}}]}},"_links":{"self":[{"href":"https:\/\/3dconsult.ee\/fi\/wp-json\/wp\/v2\/pages\/588"}],"collection":[{"href":"https:\/\/3dconsult.ee\/fi\/wp-json\/wp\/v2\/pages"}],"about":[{"href":"https:\/\/3dconsult.ee\/fi\/wp-json\/wp\/v2\/types\/page"}],"author":[{"embeddable":true,"href":"https:\/\/3dconsult.ee\/fi\/wp-json\/wp\/v2\/users\/1"}],"replies":[{"embeddable":true,"href":"https:\/\/3dconsult.ee\/fi\/wp-json\/wp\/v2\/comments?post=588"}],"version-history":[{"count":2,"href":"https:\/\/3dconsult.ee\/fi\/wp-json\/wp\/v2\/pages\/588\/revisions"}],"predecessor-version":[{"id":618,"href":"https:\/\/3dconsult.ee\/fi\/wp-json\/wp\/v2\/pages\/588\/revisions\/618"}],"wp:attachment":[{"href":"https:\/\/3dconsult.ee\/fi\/wp-json\/wp\/v2\/media?parent=588"}],"curies":[{"name":"wp","href":"https:\/\/api.w.org\/{rel}","templated":true}]}}