{"id":641,"date":"2024-08-15T16:49:02","date_gmt":"2024-08-15T16:49:02","guid":{"rendered":"https:\/\/3dconsult.ee\/privacy-policy\/"},"modified":"2024-08-15T16:56:52","modified_gmt":"2024-08-15T16:56:52","slug":"tietosuojakaytanto","status":"publish","type":"page","link":"https:\/\/3dconsult.ee\/fi\/tietosuojakaytanto\/","title":{"rendered":"Tietosuojak\u00e4yt\u00e4nt\u00f6"},"content":{"rendered":"<div id='korgus'  class='avia-section av-qy1qt-2ccf3b735e622917946155dac3e2c326 main_color avia-section-default avia-no-shadow  avia-builder-el-0  avia-builder-el-no-sibling  avia-bg-style-scroll container_wrap fullsize'  ><div class='container av-section-cont-open' ><main  role=\"main\" itemprop=\"mainContentOfPage\"  class='template-page content  av-content-full alpha units'><div class='post-entry post-entry-type-page post-entry-641'><div class='entry-content-wrapper clearfix'>\n\n<style type=\"text\/css\" data-created_by=\"avia_inline_auto\" id=\"style-css-av-nbzn9-f0425a7348c151c0ca49279fd15f4cc6\">\n.flex_column.av-nbzn9-f0425a7348c151c0ca49279fd15f4cc6{\nborder-radius:0px 0px 0px 0px;\npadding:0px 0px 0px 0px;\n}\n<\/style>\n<div  class='flex_column av-nbzn9-f0425a7348c151c0ca49279fd15f4cc6 av_one_full  avia-builder-el-1  avia-builder-el-no-sibling  first flex_column_div av-zero-column-padding  '     ><p>\n<style type=\"text\/css\" data-created_by=\"avia_inline_auto\" id=\"style-css-av-d3c1h-e46eb3d22c2272223b66f3e5777185d3\">\n#top .av-special-heading.av-d3c1h-e46eb3d22c2272223b66f3e5777185d3{\npadding-bottom:10px;\n}\nbody .av-special-heading.av-d3c1h-e46eb3d22c2272223b66f3e5777185d3 .av-special-heading-tag .heading-char{\nfont-size:25px;\n}\n.av-special-heading.av-d3c1h-e46eb3d22c2272223b66f3e5777185d3 .av-subheading{\nfont-size:15px;\n}\n<\/style>\n<div  class='av-special-heading av-d3c1h-e46eb3d22c2272223b66f3e5777185d3 av-special-heading-h1 blockquote modern-quote  avia-builder-el-2  el_before_av_textblock  avia-builder-el-first '><h1 class='av-special-heading-tag'  itemprop=\"headline\"  >Tietosuojak\u00e4yt\u00e4nt\u00f6<\/h1><div class=\"special-heading-border\"><div class=\"special-heading-inner-border\"><\/div><\/div><\/div><br \/>\n<section  class='av_textblock_section av-8fkot-5f4b12d779ea4115c80a5aefb1b8321a '   itemscope=\"itemscope\" itemtype=\"https:\/\/schema.org\/CreativeWork\" ><div class='avia_textblock'  itemprop=\"text\" ><p><strong>Ev\u00e4steiden k\u00e4ytt\u00f6 ja tietosuojak\u00e4yt\u00e4nt\u00f6 3dconsult.ee -verkkosivuilla<\/strong><\/p>\n<p>3D Consult O\u00dc on sitoutunut suojelemaan asiakkaidensa ja k\u00e4ytt\u00e4jiens\u00e4 yksityisyytt\u00e4. Siksi noudatamme seuraavia tietosuojaperiaatteita, jotka s\u00e4\u00e4telev\u00e4t asiakastietojen ker\u00e4\u00e4mist\u00e4, k\u00e4ytt\u00f6\u00e4, julkaisemista, luovuttamista ja tallentamista. Toimintamme internetiss\u00e4 vastaa kaikkien asianmukaisten s\u00e4\u00e4d\u00f6sten sek\u00e4 Euroopan unionin ja Viron lains\u00e4\u00e4d\u00e4nn\u00f6n mukaisia vaatimuksia.<\/p>\n<p><strong>Henkil\u00f6tietojen ker\u00e4\u00e4minen ja k\u00e4sittely<\/strong><\/p>\n<p>Henkil\u00f6tiedot ovat yksityishenkil\u00f6\u00f6n nimenomaisesti tai v\u00e4lillisesti liittyvi\u00e4 tietoja, joita 3D Consult O\u00dc ker\u00e4\u00e4 ja k\u00e4sittelee henkil\u00f6n kanssa tehdyn sopimuksen t\u00e4ytt\u00e4miseksi, palveluiden tarjoamiseksi henkil\u00f6lle tai yhteydenpit\u00e4miseksi henkil\u00f6\u00f6n sek\u00e4 lakis\u00e4\u00e4teisten velvoitteidensa noudattamiseksi.<\/p>\n<p>Henkil\u00f6tietojen ker\u00e4\u00e4minen tapahtuu seuraavilla tavoilla:<\/p>\n<ul>\n<li>kun annat yhteystietojasi (mm. nimesi, henkil\u00f6tunnuksesi, postiosoitteesi, puhelinnumerosi, s\u00e4hk\u00f6postiosoitteesi, haluamasi yhteydenottotapa jne.) verkkosivustollamme tai muualla (esim. toimistolla tai tapaamisessa);<\/li>\n<li>3dconsult.ee -verkkopalvelun k\u00e4ytt\u00e4miseen liittyvien ev\u00e4steiden (cookies) kautta.<\/li>\n<li>kun maksutapahtuma suoritetaan henkil\u00f6n yhteystietojen kautta.<\/li>\n<\/ul>\n<p><strong>Muiden tietojen ker\u00e4\u00e4minen<\/strong><\/p>\n<p>Ker\u00e4\u00e4mme my\u00f6s personoimattomia tietoja \u2013 tietoja, joita ei voida yhdist\u00e4\u00e4 suoraan tiettyyn henkil\u00f6\u00f6n (esim. sukupuoli, ik\u00e4, asiointikieli, sijaintipaikka). Saatamme my\u00f6s ker\u00e4t\u00e4 tietoja asiakkaiden toiminnasta verkkosivustollamme. N\u00e4m\u00e4 tiedot kootaan yhteen ja niit\u00e4 k\u00e4ytet\u00e4\u00e4n, jotta voimme tarjota asiakkaillemme hy\u00f6dyllisemp\u00e4\u00e4 tietoa ja selvitt\u00e4\u00e4, mitk\u00e4 verkkosivuston osat ja palvelut kiinnostavat heit\u00e4 eniten. T\u00e4ll\u00e4 tavoin ker\u00e4ttyj\u00e4 tietoja k\u00e4sitell\u00e4\u00e4n t\u00e4ss\u00e4 tietosuojak\u00e4yt\u00e4nn\u00f6ss\u00e4 personoimattomina tietoina.<\/p>\n<p><strong>Ker\u00e4ttyjen henkil\u00f6tietojen k\u00e4sittely ja tallentaminen<\/strong><\/p>\n<p>Ker\u00e4ttyjen henkil\u00f6tietojen avulla voimme ottaa yhteytt\u00e4 asiakkaisiin ja tiedottaa heille uutisista, uusista tuotteista jne. Asiakas, joka ei halua olla uutiskirjelistallamme tai saada ilmoituksia ja suoramarkkinointisis\u00e4lt\u00f6\u00e4, voi milloin tahansa kielt\u00e4yty\u00e4 siit\u00e4.<\/p>\n<p>Voimme k\u00e4ytt\u00e4\u00e4 ker\u00e4\u00e4mi\u00e4mme henkil\u00f6tietoja t\u00e4ytt\u00e4\u00e4ksemme velvollisuutemme asiakasta kohtaan.<\/p>\n<p>Hyv\u00e4ksym\u00e4ll\u00e4 tietosuojak\u00e4yt\u00e4nn\u00f6n ehdot, asiakas antaa suostumuksensa tietojensa automatisoituun k\u00e4sittelyyn. Suostumuksen voi aina peruuttaa j\u00e4tt\u00e4m\u00e4ll\u00e4 kirjallisen tai kirjallisesti toistettavassa muodossa olevan hakemuksen. Hakemuksella tai suostumuksen peruuttamisella ei ole taannehtivaa vaikutusta.<\/p>\n<p>S\u00e4ilyt\u00e4mme asiakkaan henkil\u00f6tietoja niin kauan kuin se on tarpeen tavoitteidemme saavuttamiseksi. S\u00e4ilytysaika riippuu tarpeesta vastata asiakkaiden kyselyihin. Tietoja, joita meid\u00e4n on s\u00e4ilytett\u00e4v\u00e4 lain mukaan (esim. kirjanpitotiedot), s\u00e4ilyt\u00e4mme laissa s\u00e4\u00e4dettyjen vaatimusten mukaisesti.<\/p>\n<p><strong>Ev\u00e4steet<\/strong><\/p>\n<p>3dconsult.ee -sivusto k\u00e4ytt\u00e4\u00e4 ev\u00e4steit\u00e4. Ev\u00e4steiden tarkoituksena on tarjota parempi k\u00e4ytt\u00e4j\u00e4kokemus ja tehokkaampi markkinointi sek\u00e4 ker\u00e4t\u00e4 Google Analyticsin avulla k\u00e4ytt\u00f6tilastoja verkkosivuston suorituskyvyn mittaamiseksi ja parantamiseksi.<\/p>\n<p>Ev\u00e4ste on pieni tekstitiedosto, jonka verkkoselain tallentaa automaattisesti asiakkaan k\u00e4ytt\u00e4m\u00e4\u00e4n laitteeseen. Ev\u00e4steit\u00e4 k\u00e4ytet\u00e4\u00e4n ker\u00e4\u00e4m\u00e4\u00e4n tietoja siit\u00e4, miten asiakas k\u00e4ytt\u00e4\u00e4 verkkosivustoa, jotta verkkosivuston k\u00e4ytt\u00f6 olisi asiakkaan kannalta henkil\u00f6kohtaisempaa ja k\u00e4ytt\u00e4j\u00e4yst\u00e4v\u00e4llisemp\u00e4\u00e4. Ev\u00e4steit\u00e4 tuottavat usein my\u00f6s erilaiset palveluntarjoajat, kuten Facebook. Ev\u00e4stetiedostot eiv\u00e4t ole vaarallisia tietokoneellesi.<\/p>\n<p>Ev\u00e4steet ovat yleens\u00e4 joko pysyvi\u00e4 tai istuntoev\u00e4steit\u00e4. Pysyv\u00e4t ev\u00e4steet j\u00e4\u00e4v\u00e4t k\u00e4ytt\u00e4j\u00e4n tietokoneeseen ja niit\u00e4 k\u00e4ytet\u00e4\u00e4n esimerkiksi tunnistamaan sivuston toistuvia k\u00e4vij\u00f6it\u00e4, ker\u00e4\u00e4m\u00e4\u00e4n tilastotietoja jne. Istuntoev\u00e4steet ovat tilap\u00e4isi\u00e4 ja ne poistetaan, kun k\u00e4ytt\u00e4j\u00e4 poistuu verkkosivustolta tai sulkee selaimen.<\/p>\n<p>Jos k\u00e4ytt\u00e4j\u00e4n selaimessa on ev\u00e4steet sallittu (yleens\u00e4 oletusarvoisesti), k\u00e4ytt\u00e4j\u00e4n katsotaan hyv\u00e4ksyneen ev\u00e4steet. K\u00e4ytt\u00e4j\u00e4 voi aina est\u00e4\u00e4 ev\u00e4steiden k\u00e4yt\u00f6n laitteellaan tai poistaa ev\u00e4steet, muuttamalla verkkoselaimensa asetuksia. Jos et k\u00e4yt\u00e4 ev\u00e4steit\u00e4, verkkosivusto ei v\u00e4ltt\u00e4m\u00e4tt\u00e4 toimi oikein.<\/p>\n<p><strong>Henkil\u00f6tietojen suoja<\/strong><\/p>\n<p>Ryhdymme kaikkiin varotoimiin (mukaan lukien hallinnolliset, tekniset ja fyysiset toimenpiteet) asiakkaidemme henkil\u00f6tietojen suojaamiseksi. Vain valtuutetuilla henkil\u00f6ill\u00e4 on oikeus muuttaa ja k\u00e4sitell\u00e4 tietoja.<\/p>\n<p>Jos ep\u00e4ilet, ett\u00e4 henkil\u00f6tietojasi on k\u00e4sitelty t\u00e4m\u00e4n tietosuojak\u00e4yt\u00e4nn\u00f6n vastaisesti tai on olemassa vaara, ett\u00e4 henkil\u00f6tietosi ovat joutuneet asiaankuulumattomien henkil\u00f6iden haltuun, ilmoita siit\u00e4 meille v\u00e4litt\u00f6m\u00e4sti. T\u00e4m\u00e4 on ainoa tapa pit\u00e4\u00e4 mahdolliset vahingot mahdollisimman pienin\u00e4.<\/p>\n<p>Asiakkaalla on oikeus vaatia tietojensa k\u00e4sittelyn lopettamista, saada tietoa tietojensa k\u00e4sittelyst\u00e4 sek\u00e4 pyyt\u00e4\u00e4 tietojen luovuttamista h\u00e4nelle itselleen tai kolmannelle osapuolelle yleisesti k\u00e4ytetyss\u00e4 muodossa. Asiakkaan tietojen ja oikeuksien v\u00e4\u00e4rink\u00e4yt\u00f6n v\u00e4ltt\u00e4miseksi hakemukset tulee esitt\u00e4\u00e4 sellaisessa muodossa, josta hakijan henkil\u00f6llisyys on tunnistettavissa (digitaalisesti allekirjoitettuna tai edustusliikkeess\u00e4 henkil\u00f6kohtaisesti allekirjoitettuna). Pid\u00e4t\u00e4mme oikeuden vastata t\u00e4llaisiin hakemuksiin 30 p\u00e4iv\u00e4n kuluessa.<\/p>\n<p><strong>Turvallisuus<\/strong><\/p>\n<p>Kaikkia verkkosivuston vierailun ja sopimusten solmimisen yhteydess\u00e4 tietoomme tulleita asiakkaan henkil\u00f6tietoja k\u00e4sitell\u00e4\u00e4n luottamuksellisina.<\/p>\n<p><strong>Tietosuojak\u00e4yt\u00e4nn\u00f6n ehdot ja muutokset<\/strong><\/p>\n<p>Edellyt\u00e4mme, ett\u00e4 ryhtyess\u00e4si k\u00e4ytt\u00e4m\u00e4\u00e4n verkkosivustoamme olet lukenut ja hyv\u00e4ksynyt n\u00e4m\u00e4 ehdot. Pid\u00e4t\u00e4mme oikeuden muuttaa tietosuojak\u00e4yt\u00e4nt\u00f6mme yleisi\u00e4 ehtoja tarvittaessa, ilmoittamalla siit\u00e4 asiakkaille s\u00e4hk\u00f6postitse, sek\u00e4 teemme parhaamme pit\u00e4\u00e4ksemme tietosuojak\u00e4yt\u00e4nt\u00f6mme ajan tasalla ja saatavilla verkkosivustollamme.<\/p>\n<p>3D Consult O\u00dc on asiakkaan henkil\u00f6tietojen rekisterinpit\u00e4j\u00e4. Jos sinulla on kysytt\u00e4v\u00e4\u00e4 tai huolenaiheita, jotka liittyv\u00e4t tietosuojak\u00e4yt\u00e4nt\u00f6\u00f6mme tai tietojesi suojaan, toivomme, ett\u00e4 otat meihin yhteytt\u00e4 osoitteessa info@3dconsult.ee .<\/p>\n<p>Asiakkaalla on aina oikeus k\u00e4\u00e4nty\u00e4 oikeuksiensa puolustamiseksi tietosuojavaltuutetun (Virossa Andmekaitse Inspektsioon) tai tuomioistuimen puoleen. Tietosuojavaltuutettu on valtion laitos, johon voit ottaa yhteytt\u00e4, jos haluat neuvoja tai apua henkil\u00f6tietojesi suojaan liittyviss\u00e4 kysymyksiss\u00e4.<\/p>\n<\/div><\/section><\/p><\/div>\n","protected":false},"excerpt":{"rendered":"","protected":false},"author":1,"featured_media":0,"parent":0,"menu_order":0,"comment_status":"closed","ping_status":"closed","template":"","meta":{"footnotes":""},"class_list":["post-641","page","type-page","status-publish","hentry"],"yoast_head":"<!-- This site is optimized with the Yoast SEO plugin v23.7 - https:\/\/yoast.com\/wordpress\/plugins\/seo\/ -->\n<title>Tietosuojak\u00e4yt\u00e4nt\u00f6 - 3D Consult O\u00dc<\/title>\n<meta name=\"robots\" content=\"index, follow, max-snippet:-1, max-image-preview:large, max-video-preview:-1\" \/>\n<link rel=\"canonical\" href=\"https:\/\/3dconsult.ee\/fi\/tietosuojakaytanto\/\" \/>\n<meta property=\"og:locale\" content=\"fi_FI\" \/>\n<meta property=\"og:type\" content=\"article\" \/>\n<meta property=\"og:title\" content=\"Tietosuojak\u00e4yt\u00e4nt\u00f6 - 3D Consult O\u00dc\" \/>\n<meta property=\"og:url\" content=\"https:\/\/3dconsult.ee\/fi\/tietosuojakaytanto\/\" \/>\n<meta property=\"og:site_name\" content=\"3D Consult O\u00dc\" \/>\n<meta property=\"article:modified_time\" content=\"2024-08-15T16:56:52+00:00\" \/>\n<meta name=\"twitter:card\" content=\"summary_large_image\" \/>\n<meta name=\"twitter:label1\" content=\"Arvioitu lukuaika\" \/>\n\t<meta name=\"twitter:data1\" content=\"5 minuuttia\" \/>\n<script type=\"application\/ld+json\" class=\"yoast-schema-graph\">{\"@context\":\"https:\/\/schema.org\",\"@graph\":[{\"@type\":\"WebPage\",\"@id\":\"https:\/\/3dconsult.ee\/fi\/tietosuojakaytanto\/\",\"url\":\"https:\/\/3dconsult.ee\/fi\/tietosuojakaytanto\/\",\"name\":\"Tietosuojak\u00e4yt\u00e4nt\u00f6 - 3D Consult O\u00dc\",\"isPartOf\":{\"@id\":\"https:\/\/3dconsult.ee\/#website\"},\"datePublished\":\"2024-08-15T16:49:02+00:00\",\"dateModified\":\"2024-08-15T16:56:52+00:00\",\"breadcrumb\":{\"@id\":\"https:\/\/3dconsult.ee\/fi\/tietosuojakaytanto\/#breadcrumb\"},\"inLanguage\":\"fi\",\"potentialAction\":[{\"@type\":\"ReadAction\",\"target\":[\"https:\/\/3dconsult.ee\/fi\/tietosuojakaytanto\/\"]}]},{\"@type\":\"BreadcrumbList\",\"@id\":\"https:\/\/3dconsult.ee\/fi\/tietosuojakaytanto\/#breadcrumb\",\"itemListElement\":[{\"@type\":\"ListItem\",\"position\":1,\"name\":\"Home\",\"item\":\"https:\/\/3dconsult.ee\/fi\/etusivu\/\"},{\"@type\":\"ListItem\",\"position\":2,\"name\":\"Tietosuojak\u00e4yt\u00e4nt\u00f6\"}]},{\"@type\":\"WebSite\",\"@id\":\"https:\/\/3dconsult.ee\/#website\",\"url\":\"https:\/\/3dconsult.ee\/\",\"name\":\"3D Consult O\u00dc\",\"description\":\"\",\"publisher\":{\"@id\":\"https:\/\/3dconsult.ee\/#organization\"},\"potentialAction\":[{\"@type\":\"SearchAction\",\"target\":{\"@type\":\"EntryPoint\",\"urlTemplate\":\"https:\/\/3dconsult.ee\/?s={search_term_string}\"},\"query-input\":{\"@type\":\"PropertyValueSpecification\",\"valueRequired\":true,\"valueName\":\"search_term_string\"}}],\"inLanguage\":\"fi\"},{\"@type\":\"Organization\",\"@id\":\"https:\/\/3dconsult.ee\/#organization\",\"name\":\"3D Consult O\u00dc\",\"url\":\"https:\/\/3dconsult.ee\/\",\"logo\":{\"@type\":\"ImageObject\",\"inLanguage\":\"fi\",\"@id\":\"https:\/\/3dconsult.ee\/#\/schema\/logo\/image\/\",\"url\":\"https:\/\/3dconsult.ee\/wp-content\/uploads\/2017\/11\/3d-consult.png\",\"contentUrl\":\"https:\/\/3dconsult.ee\/wp-content\/uploads\/2017\/11\/3d-consult.png\",\"width\":187,\"height\":260,\"caption\":\"3D Consult O\u00dc\"},\"image\":{\"@id\":\"https:\/\/3dconsult.ee\/#\/schema\/logo\/image\/\"}}]}<\/script>\n<!-- \/ Yoast SEO plugin. -->","yoast_head_json":{"title":"Tietosuojak\u00e4yt\u00e4nt\u00f6 - 3D Consult O\u00dc","robots":{"index":"index","follow":"follow","max-snippet":"max-snippet:-1","max-image-preview":"max-image-preview:large","max-video-preview":"max-video-preview:-1"},"canonical":"https:\/\/3dconsult.ee\/fi\/tietosuojakaytanto\/","og_locale":"fi_FI","og_type":"article","og_title":"Tietosuojak\u00e4yt\u00e4nt\u00f6 - 3D Consult O\u00dc","og_url":"https:\/\/3dconsult.ee\/fi\/tietosuojakaytanto\/","og_site_name":"3D Consult O\u00dc","article_modified_time":"2024-08-15T16:56:52+00:00","twitter_card":"summary_large_image","twitter_misc":{"Arvioitu lukuaika":"5 minuuttia"},"schema":{"@context":"https:\/\/schema.org","@graph":[{"@type":"WebPage","@id":"https:\/\/3dconsult.ee\/fi\/tietosuojakaytanto\/","url":"https:\/\/3dconsult.ee\/fi\/tietosuojakaytanto\/","name":"Tietosuojak\u00e4yt\u00e4nt\u00f6 - 3D Consult O\u00dc","isPartOf":{"@id":"https:\/\/3dconsult.ee\/#website"},"datePublished":"2024-08-15T16:49:02+00:00","dateModified":"2024-08-15T16:56:52+00:00","breadcrumb":{"@id":"https:\/\/3dconsult.ee\/fi\/tietosuojakaytanto\/#breadcrumb"},"inLanguage":"fi","potentialAction":[{"@type":"ReadAction","target":["https:\/\/3dconsult.ee\/fi\/tietosuojakaytanto\/"]}]},{"@type":"BreadcrumbList","@id":"https:\/\/3dconsult.ee\/fi\/tietosuojakaytanto\/#breadcrumb","itemListElement":[{"@type":"ListItem","position":1,"name":"Home","item":"https:\/\/3dconsult.ee\/fi\/etusivu\/"},{"@type":"ListItem","position":2,"name":"Tietosuojak\u00e4yt\u00e4nt\u00f6"}]},{"@type":"WebSite","@id":"https:\/\/3dconsult.ee\/#website","url":"https:\/\/3dconsult.ee\/","name":"3D Consult O\u00dc","description":"","publisher":{"@id":"https:\/\/3dconsult.ee\/#organization"},"potentialAction":[{"@type":"SearchAction","target":{"@type":"EntryPoint","urlTemplate":"https:\/\/3dconsult.ee\/?s={search_term_string}"},"query-input":{"@type":"PropertyValueSpecification","valueRequired":true,"valueName":"search_term_string"}}],"inLanguage":"fi"},{"@type":"Organization","@id":"https:\/\/3dconsult.ee\/#organization","name":"3D Consult O\u00dc","url":"https:\/\/3dconsult.ee\/","logo":{"@type":"ImageObject","inLanguage":"fi","@id":"https:\/\/3dconsult.ee\/#\/schema\/logo\/image\/","url":"https:\/\/3dconsult.ee\/wp-content\/uploads\/2017\/11\/3d-consult.png","contentUrl":"https:\/\/3dconsult.ee\/wp-content\/uploads\/2017\/11\/3d-consult.png","width":187,"height":260,"caption":"3D Consult O\u00dc"},"image":{"@id":"https:\/\/3dconsult.ee\/#\/schema\/logo\/image\/"}}]}},"_links":{"self":[{"href":"https:\/\/3dconsult.ee\/fi\/wp-json\/wp\/v2\/pages\/641"}],"collection":[{"href":"https:\/\/3dconsult.ee\/fi\/wp-json\/wp\/v2\/pages"}],"about":[{"href":"https:\/\/3dconsult.ee\/fi\/wp-json\/wp\/v2\/types\/page"}],"author":[{"embeddable":true,"href":"https:\/\/3dconsult.ee\/fi\/wp-json\/wp\/v2\/users\/1"}],"replies":[{"embeddable":true,"href":"https:\/\/3dconsult.ee\/fi\/wp-json\/wp\/v2\/comments?post=641"}],"version-history":[{"count":2,"href":"https:\/\/3dconsult.ee\/fi\/wp-json\/wp\/v2\/pages\/641\/revisions"}],"predecessor-version":[{"id":643,"href":"https:\/\/3dconsult.ee\/fi\/wp-json\/wp\/v2\/pages\/641\/revisions\/643"}],"wp:attachment":[{"href":"https:\/\/3dconsult.ee\/fi\/wp-json\/wp\/v2\/media?parent=641"}],"curies":[{"name":"wp","href":"https:\/\/api.w.org\/{rel}","templated":true}]}}